{"id":797,"date":"2021-09-09T16:44:01","date_gmt":"2021-09-09T16:44:01","guid":{"rendered":"http:\/\/www.vanessalopezlaw.com\/?page_id=797"},"modified":"2026-01-28T11:55:06","modified_gmt":"2026-01-28T17:55:06","slug":"custodia-infantil","status":"publish","type":"page","link":"https:\/\/www.vanessalopezlaw.com\/es\/areas-de-practicas\/derecho-de-familia\/custodia-infantil\/","title":{"rendered":"Custodia Infantil"},"content":{"rendered":"<h2>Abogada Especializada en Casos de Custodia Infantil, con Oficinas en Indian\u00e1polis<\/h2>\n<p>En el pasado, los jueces designaban a la madre como la encargada de la custodia f\u00edsica de los ni\u00f1os en la mayor\u00eda de los casos de divorcio en Indiana, pero actualmente existen diferentes tipos de custodia infantil y de arreglos por medio de los cuales el padre o inclusive los abuelos pueden recibir la patria potestad y la custodia de los ni\u00f1os. Cuando usted visite el\u00a0Bufete Jur\u00eddico L\u00f3pez, yo invertir\u00e9 el tiempo necesario para conocer las circunstancias particulares de su familia, para crear un plan que permita que sus hijos compartan tiempo con ambos padres y que se adapte a las necesidades de todos los miembros de la familia.<\/p>\n<h2>Custodia Infantil en Indiana<\/h2>\n<p>Indiana ya no define el tiempo que el ni\u00f1o est\u00e1 con el padre que no tiene la custodia f\u00edsica como las visitas. Esto es llamado tiempo de crianza. El razonamiento es que el padre no est\u00e1 solo de visita, \u00e9l est\u00e1 criando el ni\u00f1o o los ni\u00f1os.<\/p>\n<ul>\n<li><strong>Custodia Legal.<\/strong>\u00a0La presunci\u00f3n de Indiana, en un divorcio, es que ambos padres tienen la custodia legal de los ni\u00f1os. La custodia legal es el derecho a tomar decisiones importantes acerca de c\u00f3mo sus hijos ser\u00e1n criados, incluyendo decisiones m\u00e9dicas, religiosas y educativas.<\/li>\n<li><strong>Custodia F\u00edsica.<\/strong>\u00a0La custodia f\u00edsica es donde vive su hijo. En la mayor\u00eda de los casos, uno de los padres tendr\u00e1 la custodia f\u00edsica primaria, mientras que el otro padre tendr\u00e1 tiempo de crianza de acuerdo a las pautas del tiempo de Indiana para padres.<\/li>\n<li><strong><a href=\"\/pagina-inicial\/areas-de-practicas\/modification-de-custodia-infantil\">Modificaci\u00f3n de Custodia Infantil<\/a>.\u00a0<\/strong>La custodia de los hijos y el r\u00e9gimen de visitas se pueden cambiar despu\u00e9s del divorcio si se producen cambios sustanciales en la situaci\u00f3n del ni\u00f1o, tales como problemas en la escuela, en el hogar o de reubicaci\u00f3n. Los Tribunales de Indiana tendr\u00e1 en cuenta el mayor inter\u00e9s del ni\u00f1o al decidir si debe haber un cambio en la custodia o r\u00e9gimen de visitas.<\/li>\n<li><strong>Ejecuci\u00f3n de las \u00d3rdenes de Divorcio.<\/strong>\u00a0Si su ex-c\u00f3nyuge no est\u00e1 cumpliendo con un acuerdo de custodia y crianza de los hijos, usted puede acudir a los tribunales para hacer cumplir la orden. Si desacato se encuentra, el juez puede obligar a su ex-c\u00f3nyuge a pagar los honorarios de su abogado.<\/li>\n<\/ul>\n<h3>Consulta con la Abogado en Indiana sobre el R\u00e9gimen de Visitas.<\/h3>\n<p>Para discutir su caso de custodia infantil con el abogado Vanessa L\u00f3pez Aguilera, llame al (317) 342-2706 o llene nuestra\u00a0forma de contacto. Citas en la tarde y fines de semana est\u00e1n disponibles.<\/p>\n","protected":false},"excerpt":{"rendered":"<p>Abogada Especializada en Casos de Custodia Infantil, con Oficinas en Indian\u00e1polis En el pasado, los jueces designaban a la madre como la encargada de la custodia f\u00edsica de los ni\u00f1os en la mayor\u00eda de los casos de divorcio en Indiana, pero actualmente existen diferentes tipos de custodia infantil y de arreglos por medio de los [&hellip;]<\/p>\n","protected":false},"author":17,"featured_media":1159,"parent":383,"menu_order":0,"comment_status":"closed","ping_status":"closed","template":"","meta":{"_acf_changed":false,"_oasis_is_in_workflow":0,"_oasis_original":0,"_oasis_task_priority":"","footnotes":""},"class_list":["post-797","page","type-page","status-publish","has-post-thumbnail","hentry","entry"],"acf":[],"_links":{"self":[{"href":"https:\/\/www.vanessalopezlaw.com\/es\/wp-json\/wp\/v2\/pages\/797","targetHints":{"allow":["GET"]}}],"collection":[{"href":"https:\/\/www.vanessalopezlaw.com\/es\/wp-json\/wp\/v2\/pages"}],"about":[{"href":"https:\/\/www.vanessalopezlaw.com\/es\/wp-json\/wp\/v2\/types\/page"}],"author":[{"embeddable":true,"href":"https:\/\/www.vanessalopezlaw.com\/es\/wp-json\/wp\/v2\/users\/17"}],"replies":[{"embeddable":true,"href":"https:\/\/www.vanessalopezlaw.com\/es\/wp-json\/wp\/v2\/comments?post=797"}],"version-history":[{"count":6,"href":"https:\/\/www.vanessalopezlaw.com\/es\/wp-json\/wp\/v2\/pages\/797\/revisions"}],"predecessor-version":[{"id":3877,"href":"https:\/\/www.vanessalopezlaw.com\/es\/wp-json\/wp\/v2\/pages\/797\/revisions\/3877"}],"up":[{"embeddable":true,"href":"https:\/\/www.vanessalopezlaw.com\/es\/wp-json\/wp\/v2\/pages\/383"}],"wp:featuredmedia":[{"embeddable":true,"href":"https:\/\/www.vanessalopezlaw.com\/es\/wp-json\/wp\/v2\/media\/1159"}],"wp:attachment":[{"href":"https:\/\/www.vanessalopezlaw.com\/es\/wp-json\/wp\/v2\/media?parent=797"}],"curies":[{"name":"wp","href":"https:\/\/api.w.org\/{rel}","templated":true}]}}