{"id":649,"date":"2021-09-07T07:04:41","date_gmt":"2021-09-07T07:04:41","guid":{"rendered":"http:\/\/www.vanessalopezlaw.com\/?page_id=649"},"modified":"2026-01-28T11:54:19","modified_gmt":"2026-01-28T17:54:19","slug":"chins","status":"publish","type":"page","link":"https:\/\/www.vanessalopezlaw.com\/es\/areas-de-practicas\/derecho-de-familia\/chins\/","title":{"rendered":"CHINS"},"content":{"rendered":"<h2>Abogada CHINS en Indian\u00e1polis<\/h2>\n<p>Un ni\u00f1o en necesidad de servicios (tambi\u00e9n llamado CHINS) involucra a aquellos ni\u00f1os que han sido presuntamente abusados \u200b\u200bo descuidados por sus padres. Estos casos vienen en una variedad de formas y puede incluir todo, desde un padre y\/o madre que se niega a proporcionar nutrici\u00f3n a un ni\u00f1o, tambi\u00e9n como permitir que un ni\u00f1o se pierda o falte a la escuela. Un caso CHINS a menudo da lugar a que un ni\u00f1o sea retirado del hogar.<\/p>\n<p>En la L\u00f3pez Law Office en Indian\u00e1polis, Indiana, yo represento a los padres en los casos CHINS. Como abogada del Condado de Marion de derechos parentales, puedo tomar acci\u00f3n legal inmediata para que su hijo o hijos sean devueltos. Entiendo el miedo y la preocupaci\u00f3n que usted podr\u00eda estar presentando en este momento. Sus ni\u00f1os podr\u00edan ser quitados permanentemente. Ahora es el momento de actuar y obtener ayuda de una abogada CHINS de Indian\u00e1polis, que realmente se preocupa por usted y sus hijos.<\/p>\n<h3>\u00bfHa sido su hijo removido de su cuidado?<\/h3>\n<p>El Estado puede intervenir y tomar a un ni\u00f1o de su hogar debido a razones tales como:<\/p>\n<ul>\n<li>DUI\/DWI<\/li>\n<li>Consumo de drogas<\/li>\n<li>Violencia dom\u00e9stica<\/li>\n<li>Abuso o negligencia<\/li>\n<li>Ausencia del ni\u00f1o en la escuela<\/li>\n<li>Desnutrici\u00f3n<\/li>\n<\/ul>\n<p>Si su ni\u00f1o fue retirado de su cuidado, usted tiene derecho a tomar acciones legales para recuperar la custodia. Como su abogada, le dar\u00e9 apoyo y dedicaci\u00f3n si sus hijos son separados. Los casos CHINS son un \u00e1rea sensible del derecho de familia. En algunos casos, mis clientes est\u00e1n siendo acusados \u200b\u200bde cosas que no hicieron. En otros casos, mis clientes pueden haber cometido un error y es necesario corregirlo antes de que puedan perder a sus hijos. Voy a ofrecer la atenci\u00f3n uno-a-uno que se merecen y trabajar hacia el mejor resultado posible para usted y sus hijos.<\/p>\n<h3>Consulta con una abogada de Derechos de los Padres del condado de Marion.<\/h3>\n<p>Si su familia se ha visto afectada por un caso CHINS, hable con la abogada Vanessa L\u00f3pez Aguilera. Llame al (317) 342-2706 o llene nuestra forma de contacto.<\/p>\n","protected":false},"excerpt":{"rendered":"<p>Abogada CHINS en Indian\u00e1polis Un ni\u00f1o en necesidad de servicios (tambi\u00e9n llamado CHINS) involucra a aquellos ni\u00f1os que han sido presuntamente abusados \u200b\u200bo descuidados por sus padres. Estos casos vienen en una variedad de formas y puede incluir todo, desde un padre y\/o madre que se niega a proporcionar nutrici\u00f3n a un ni\u00f1o, tambi\u00e9n como [&hellip;]<\/p>\n","protected":false},"author":17,"featured_media":1178,"parent":383,"menu_order":0,"comment_status":"closed","ping_status":"closed","template":"","meta":{"_acf_changed":false,"_oasis_is_in_workflow":0,"_oasis_original":0,"_oasis_task_priority":"","footnotes":""},"class_list":["post-649","page","type-page","status-publish","has-post-thumbnail","hentry","entry"],"acf":[],"_links":{"self":[{"href":"https:\/\/www.vanessalopezlaw.com\/es\/wp-json\/wp\/v2\/pages\/649","targetHints":{"allow":["GET"]}}],"collection":[{"href":"https:\/\/www.vanessalopezlaw.com\/es\/wp-json\/wp\/v2\/pages"}],"about":[{"href":"https:\/\/www.vanessalopezlaw.com\/es\/wp-json\/wp\/v2\/types\/page"}],"author":[{"embeddable":true,"href":"https:\/\/www.vanessalopezlaw.com\/es\/wp-json\/wp\/v2\/users\/17"}],"replies":[{"embeddable":true,"href":"https:\/\/www.vanessalopezlaw.com\/es\/wp-json\/wp\/v2\/comments?post=649"}],"version-history":[{"count":8,"href":"https:\/\/www.vanessalopezlaw.com\/es\/wp-json\/wp\/v2\/pages\/649\/revisions"}],"predecessor-version":[{"id":3876,"href":"https:\/\/www.vanessalopezlaw.com\/es\/wp-json\/wp\/v2\/pages\/649\/revisions\/3876"}],"up":[{"embeddable":true,"href":"https:\/\/www.vanessalopezlaw.com\/es\/wp-json\/wp\/v2\/pages\/383"}],"wp:featuredmedia":[{"embeddable":true,"href":"https:\/\/www.vanessalopezlaw.com\/es\/wp-json\/wp\/v2\/media\/1178"}],"wp:attachment":[{"href":"https:\/\/www.vanessalopezlaw.com\/es\/wp-json\/wp\/v2\/media?parent=649"}],"curies":[{"name":"wp","href":"https:\/\/api.w.org\/{rel}","templated":true}]}}