{"id":616,"date":"2021-09-07T04:24:21","date_gmt":"2021-09-07T04:24:21","guid":{"rendered":"http:\/\/www.vanessalopezlaw.com\/?page_id=616"},"modified":"2026-01-28T11:57:13","modified_gmt":"2026-01-28T17:57:13","slug":"guardian-ad-litem","status":"publish","type":"page","link":"https:\/\/www.vanessalopezlaw.com\/es\/areas-de-practicas\/derecho-de-familia\/guardian-ad-litem\/","title":{"rendered":"Guardian Ad Litem in Indianapolis"},"content":{"rendered":"<h2>Indianapolis Guardian Ad Litem<\/h2>\n<p>Guardian Ad Litem (GAL) son designados por los tribunales defensores de los ni\u00f1os que han sufrido abandono o abuso, est\u00e1n en problemas con la ley o cuyos padres est\u00e1n involucrados en una batalla por la custodia del ni\u00f1o. El GAL representa el mayor inter\u00e9s del ni\u00f1o durante los procedimientos judiciales, y, en algunos casos, hace recomendaciones con respecto a la separaci\u00f3n de un ni\u00f1o de sus padres o tutor legal.<\/p>\n<p>Como una Guardian Ad Litem, mi prioridad es proteger los derechos y el mejor inter\u00e9s de los ni\u00f1os a los que represento. Yo trabajo junto con los trabajadores sociales, maestros, entre otros para garantizar que el mejor inter\u00e9s de los ni\u00f1os est\u00e9 protegido en toda custodia o r\u00e9gimen disciplinario.<\/p>\n<p>Un GAL es nombrado por el tribunal en muchas circunstancias. Adem\u00e1s, los padres y sus abogadas tambi\u00e9n pueden solicitarlo, si fuera necesario. Si usted cree que su hijo podr\u00eda beneficiarse al tener un GAL, p\u00f3ngase en contacto con la L\u00f3pez Law Office para discutir el asunto con la abogada Vanessa L\u00f3pez Aguilera.<\/p>\n<h2>Los Deberes de un Guardian Ad Litem<\/h2>\n<ul>\n<li><strong>Investigar la situaci\u00f3n.<\/strong> Un GAL debe hacer que \u00e9l o ella est\u00e9n consiente de la situaci\u00f3n del ni\u00f1o. A menudo \u00e9l o ella van a juntar esta informaci\u00f3n a trav\u00e9s de entrevistas con el ni\u00f1o, padres, m\u00e9dicos y profesores.<\/li>\n<li><strong>Abogar por el ni\u00f1o en la corte.<\/strong> El trabajo m\u00e1s importante de un GAL es ser un buen defensor en los tribunales y negociaciones respectivas. El GAL hablar\u00e1 en nombre del mejor inter\u00e9s del ni\u00f1o. En algunos casos, esto puede incluir una recomendaci\u00f3n para que el ni\u00f1o vaya a un padre de crianza o tutor legal en aras de su protecci\u00f3n y de salud mental.<\/li>\n<li><strong>Monitorear el ni\u00f1o.<\/strong> El GAL se mantendr\u00e1 en contacto con los maestros, m\u00e9dicos, padres y otras partes interesadas para garantizar que todas las \u00f3rdenes judiciales con respecto al ni\u00f1o est\u00e1n siendo seguidos. \u00c9l o ella tambi\u00e9n le pueden sugerir servicios adicionales para ayudar a garantizar la seguridad permanente y el bienestar del ni\u00f1o.<\/li>\n<\/ul>\n<h3>Consulte con La Abogada<\/h3>\n<p>Para aprender m\u00e1s sobre el programa Guardian Ad Litem, p\u00f3ngase en contacto con la abogada Vanessa L\u00f3pez Aguilera al (317) 342-2706 o llene nuestra <a href=\"\/Contactenos\">forma de contacto.<\/a><\/p>\n","protected":false},"excerpt":{"rendered":"<p>Indianapolis Guardian Ad Litem Guardian Ad Litem (GAL) son designados por los tribunales defensores de los ni\u00f1os que han sufrido abandono o abuso, est\u00e1n en problemas con la ley o cuyos padres est\u00e1n involucrados en una batalla por la custodia del ni\u00f1o. El GAL representa el mayor inter\u00e9s del ni\u00f1o durante los procedimientos judiciales, y, [&hellip;]<\/p>\n","protected":false},"author":17,"featured_media":986,"parent":383,"menu_order":0,"comment_status":"closed","ping_status":"closed","template":"","meta":{"_acf_changed":false,"_oasis_is_in_workflow":0,"_oasis_original":0,"_oasis_task_priority":"","footnotes":""},"class_list":["post-616","page","type-page","status-publish","has-post-thumbnail","hentry","entry"],"acf":[],"_links":{"self":[{"href":"https:\/\/www.vanessalopezlaw.com\/es\/wp-json\/wp\/v2\/pages\/616","targetHints":{"allow":["GET"]}}],"collection":[{"href":"https:\/\/www.vanessalopezlaw.com\/es\/wp-json\/wp\/v2\/pages"}],"about":[{"href":"https:\/\/www.vanessalopezlaw.com\/es\/wp-json\/wp\/v2\/types\/page"}],"author":[{"embeddable":true,"href":"https:\/\/www.vanessalopezlaw.com\/es\/wp-json\/wp\/v2\/users\/17"}],"replies":[{"embeddable":true,"href":"https:\/\/www.vanessalopezlaw.com\/es\/wp-json\/wp\/v2\/comments?post=616"}],"version-history":[{"count":8,"href":"https:\/\/www.vanessalopezlaw.com\/es\/wp-json\/wp\/v2\/pages\/616\/revisions"}],"predecessor-version":[{"id":3882,"href":"https:\/\/www.vanessalopezlaw.com\/es\/wp-json\/wp\/v2\/pages\/616\/revisions\/3882"}],"up":[{"embeddable":true,"href":"https:\/\/www.vanessalopezlaw.com\/es\/wp-json\/wp\/v2\/pages\/383"}],"wp:featuredmedia":[{"embeddable":true,"href":"https:\/\/www.vanessalopezlaw.com\/es\/wp-json\/wp\/v2\/media\/986"}],"wp:attachment":[{"href":"https:\/\/www.vanessalopezlaw.com\/es\/wp-json\/wp\/v2\/media?parent=616"}],"curies":[{"name":"wp","href":"https:\/\/api.w.org\/{rel}","templated":true}]}}