{"id":418,"date":"2021-09-02T13:16:04","date_gmt":"2021-09-02T13:16:04","guid":{"rendered":"http:\/\/www.vanessalopezlaw.com\/?page_id=418"},"modified":"2026-01-28T12:02:50","modified_gmt":"2026-01-28T18:02:50","slug":"firma","status":"publish","type":"page","link":"https:\/\/www.vanessalopezlaw.com\/es\/firma\/","title":{"rendered":"Firma"},"content":{"rendered":"<h2>Abogada de Derecho de Familia en Indiana<\/h2>\n<p>Frente a situaciones como el divorcio, r\u00e9gimen de visitas, manutenci\u00f3n de menores, cargos criminales, o un procedimiento de tutela, esto es bastante estresante. Trabajar con un abogado no debe a\u00f1adirse a su estr\u00e9s..<\/p>\n<p>Mi oficina legal se encuentra en una casa victoriana en una barria hist\u00f3rica en el lado cercano al norte de Indian\u00e1polis. Se puede llegar hasta la puerta, encontrar estacionamiento f\u00e1cilmente, y conocer a una abogada que le dar\u00e1 la bienvenida por su nombre y hablara con usted en su idioma, si hablas espa\u00f1ol o ingl\u00e9s. Mi oficina proporciona un ambiente c\u00f3modo y acogedor para los clientes que est\u00e1n pasando por un momento de tensi\u00f3n.<\/p>\n<p>Creo que usted deber\u00eda tener una opci\u00f3n cuando se trata de contratar a un abogado para que lo represente en un caso legal. Usted necesita un abogado que no s\u00f3lo sea competente y profesional, sino que tambi\u00e9n sepa como escucharle y hacerle sentir que usted est\u00e1 involucrado en su caso. No importa qu\u00e9 tipo de problema legal usted este enfrentando, ofrezco una consulta para que pueda llegar a conocerme y yo pueda aprender m\u00e1s acerca de su caso.<\/p>\n<p>Ofrezco una gran diversidad de servicios legales, incluyendo divorcio, acciones de paternidad, custodia de menores, conflictos de manutenci\u00f3n de menores, violencia dom\u00e9stica, actas de tutela y adopciones de padrastros o adopci\u00f3n de padre segundo. Si la adopci\u00f3n no es una opci\u00f3n, pero usted quiere que sus hijos puedan llevar bien el nuevo nombre de la madre o apellido de su padrastro, le puedo ayudar a unificar su familia durante el proceso legal de cambio de apellido de sus hijos.<\/p>\n<p>Sirvo a los miembros de las dos comunidades de habla hispana e ingl\u00e9s en Indian\u00e1polis y en Indiana.<\/p>\n<p>En la pasada, la miembro de la comunidad latina de Indiana no ten\u00edan la elecci\u00f3n de un abogado que hablara espa\u00f1ol para que los representes en su caso legal. Ahora la comunidad latina tiene una elecci\u00f3n.<\/p>\n<h3>Abogada Vanessa L\u00f3pez Aguilera<\/h3>\n<p>Para discutir su caso con la abogada de Vanessa L\u00f3pez Aguilera, llame al (317) 342-2706 o llene nuestra forma de contacto.<\/p>\n","protected":false},"excerpt":{"rendered":"<p>Abogada de Derecho de Familia en Indiana Frente a situaciones como el divorcio, r\u00e9gimen de visitas, manutenci\u00f3n de menores, cargos criminales, o un procedimiento de tutela, esto es bastante estresante. Trabajar con un abogado no debe a\u00f1adirse a su estr\u00e9s.. Mi oficina legal se encuentra en una casa victoriana en una barria hist\u00f3rica en el [&hellip;]<\/p>\n","protected":false},"author":17,"featured_media":0,"parent":0,"menu_order":0,"comment_status":"closed","ping_status":"closed","template":"","meta":{"_acf_changed":false,"_oasis_is_in_workflow":0,"_oasis_original":0,"_oasis_task_priority":"","footnotes":""},"class_list":["post-418","page","type-page","status-publish","hentry","entry"],"acf":[],"_links":{"self":[{"href":"https:\/\/www.vanessalopezlaw.com\/es\/wp-json\/wp\/v2\/pages\/418","targetHints":{"allow":["GET"]}}],"collection":[{"href":"https:\/\/www.vanessalopezlaw.com\/es\/wp-json\/wp\/v2\/pages"}],"about":[{"href":"https:\/\/www.vanessalopezlaw.com\/es\/wp-json\/wp\/v2\/types\/page"}],"author":[{"embeddable":true,"href":"https:\/\/www.vanessalopezlaw.com\/es\/wp-json\/wp\/v2\/users\/17"}],"replies":[{"embeddable":true,"href":"https:\/\/www.vanessalopezlaw.com\/es\/wp-json\/wp\/v2\/comments?post=418"}],"version-history":[{"count":5,"href":"https:\/\/www.vanessalopezlaw.com\/es\/wp-json\/wp\/v2\/pages\/418\/revisions"}],"predecessor-version":[{"id":3894,"href":"https:\/\/www.vanessalopezlaw.com\/es\/wp-json\/wp\/v2\/pages\/418\/revisions\/3894"}],"wp:attachment":[{"href":"https:\/\/www.vanessalopezlaw.com\/es\/wp-json\/wp\/v2\/media?parent=418"}],"curies":[{"name":"wp","href":"https:\/\/api.w.org\/{rel}","templated":true}]}}