{"id":343,"date":"2021-09-02T10:09:31","date_gmt":"2021-09-02T10:09:31","guid":{"rendered":"http:\/\/www.vanessalopezlaw.com\/?page_id=343"},"modified":"2026-01-28T11:57:35","modified_gmt":"2026-01-28T17:57:35","slug":"manutencion-infantil","status":"publish","type":"page","link":"https:\/\/www.vanessalopezlaw.com\/es\/areas-de-practicas\/derecho-de-familia\/manutencion-infantil\/","title":{"rendered":"Manutenci\u00f3n Infantil"},"content":{"rendered":"<h2>Abogada de Manutenci\u00f3n Infantil en Indian\u00e1polis<\/h2>\n<p>Cuando un padre se divorcia, \u00e9l o ella llega a un acuerdo de manutenci\u00f3n de los hijos con el otro padre. Ya sea que usted va a pagar manutenci\u00f3n de los hijos o va a recibir los pagos de manutenci\u00f3n, usted querr\u00e1 saber que la cantidad fue determinada de manera justa y razonable.<\/p>\n<p>En la L\u00f3pez Law Office en Indian\u00e1polis, Indiana, ofrezco servicios legales especializados a las madres y padres involucrados en el divorcio. Dar\u00e9 uno-a-uno orientaci\u00f3n durante todo el proceso de las determinaciones iniciales de la manutenci\u00f3n de los hijos, as\u00ed como cuestiones de decretos posteriores.<\/p>\n<h2>Determinando la Manutenci\u00f3n Infantil<\/h2>\n<p>Como abogada de manutenci\u00f3n infantil en Indian\u00e1polis, Indiana; soy sensible a las necesidades y preocupaciones de los padres a los que represento. Si usted est\u00e1 pagando la manutenci\u00f3n, usted quiere saber que la cantidad fue determinada de manera justa y que est\u00e1 en capacidad de pagar. Si usted est\u00e1 recibiendo apoyo en nombre de sus hijos, usted quiere sentirse c\u00f3modo con la cantidad que recibe, ya que le ayudar\u00e1 a pagar muchas de sus necesidades.<\/p>\n<p>Ambos padres est\u00e1n obligados a mantener a sus hijos. En Indiana, la manutenci\u00f3n de menores es determinada por un c\u00e1lculo legal. Los factores que se utilizan en el c\u00e1lculo se incluyen los ingresos de cada uno de los padres, n\u00famero de hijos y el n\u00famero de noches que el ni\u00f1o o los ni\u00f1os tiene con el padre sin custodia cada a\u00f1o. Adem\u00e1s, existe la presunci\u00f3n de que ambos progenitores contribuir\u00e1n a los gastos universitarios.<\/p>\n<p>Yo represento frecuentemente los padres en custodia de los hijos y manutenci\u00f3n. Si usted es un padre con preguntas o preocupaciones respecto a los derechos de los padres y otras cuestiones de derecho de familia, estar\u00e9 muy contenta de poderle asistir.<\/p>\n<h2>Problemas Despu\u00e9s del Divorcio<\/h2>\n<p>Los meses y a\u00f1os despu\u00e9s de una orden de manutenci\u00f3n infantil pueden traer problemas y cambios. Puedo manejar la ejecuci\u00f3n de las \u00f3rdenes judiciales y la modificaci\u00f3n de manutenci\u00f3n.<\/p>\n<p>Si su ex-c\u00f3nyuge no paga la manutenci\u00f3n de menores, usted puede ir a los tribunales para hacer cumplir la orden. Si su ex-c\u00f3nyuge se encuentra en desacato, el juez puede obligar a \u00e9l o ella a pagar los honorarios de su abogada.<\/p>\n<p>Si ha habido un cambio sustancial en la condici\u00f3n material tal como un aumento o disminuci\u00f3n de ingresos, una modificaci\u00f3n de la orden de manutenci\u00f3n existente puede ser concedida.<\/p>\n<h3><strong>Abogada Vanessa L\u00f3pez Aguilera<\/strong><\/h3>\n<p>Consulte con un Abogada de Divorcio y Derecho de Familia en el Condado de Marion.<br \/>\nPara discutir acerca de casos de manutenci\u00f3n de menores, llame al (317) 342-2706 o llene nuestra simple forma de contacto.<\/p>\n","protected":false},"excerpt":{"rendered":"<p>Abogada de Manutenci\u00f3n Infantil en Indian\u00e1polis Cuando un padre se divorcia, \u00e9l o ella llega a un acuerdo de manutenci\u00f3n de los hijos con el otro padre. Ya sea que usted va a pagar manutenci\u00f3n de los hijos o va a recibir los pagos de manutenci\u00f3n, usted querr\u00e1 saber que la cantidad fue determinada de [&hellip;]<\/p>\n","protected":false},"author":17,"featured_media":1182,"parent":383,"menu_order":0,"comment_status":"closed","ping_status":"closed","template":"","meta":{"_acf_changed":false,"_oasis_is_in_workflow":0,"_oasis_original":0,"_oasis_task_priority":"","footnotes":""},"class_list":["post-343","page","type-page","status-publish","has-post-thumbnail","hentry","entry"],"acf":[],"_links":{"self":[{"href":"https:\/\/www.vanessalopezlaw.com\/es\/wp-json\/wp\/v2\/pages\/343","targetHints":{"allow":["GET"]}}],"collection":[{"href":"https:\/\/www.vanessalopezlaw.com\/es\/wp-json\/wp\/v2\/pages"}],"about":[{"href":"https:\/\/www.vanessalopezlaw.com\/es\/wp-json\/wp\/v2\/types\/page"}],"author":[{"embeddable":true,"href":"https:\/\/www.vanessalopezlaw.com\/es\/wp-json\/wp\/v2\/users\/17"}],"replies":[{"embeddable":true,"href":"https:\/\/www.vanessalopezlaw.com\/es\/wp-json\/wp\/v2\/comments?post=343"}],"version-history":[{"count":9,"href":"https:\/\/www.vanessalopezlaw.com\/es\/wp-json\/wp\/v2\/pages\/343\/revisions"}],"predecessor-version":[{"id":3883,"href":"https:\/\/www.vanessalopezlaw.com\/es\/wp-json\/wp\/v2\/pages\/343\/revisions\/3883"}],"up":[{"embeddable":true,"href":"https:\/\/www.vanessalopezlaw.com\/es\/wp-json\/wp\/v2\/pages\/383"}],"wp:featuredmedia":[{"embeddable":true,"href":"https:\/\/www.vanessalopezlaw.com\/es\/wp-json\/wp\/v2\/media\/1182"}],"wp:attachment":[{"href":"https:\/\/www.vanessalopezlaw.com\/es\/wp-json\/wp\/v2\/media?parent=343"}],"curies":[{"name":"wp","href":"https:\/\/api.w.org\/{rel}","templated":true}]}}