{"id":338,"date":"2021-09-02T10:05:46","date_gmt":"2021-09-02T10:05:46","guid":{"rendered":"http:\/\/www.vanessalopezlaw.com\/?page_id=338"},"modified":"2026-01-28T12:02:13","modified_gmt":"2026-01-28T18:02:13","slug":"tutelas","status":"publish","type":"page","link":"https:\/\/www.vanessalopezlaw.com\/es\/areas-de-practicas\/tutelas\/","title":{"rendered":"tutelas"},"content":{"rendered":"<h2>Abogada de Tutelas en Indian\u00e1polis<\/h2>\n<p><strong>La tutela<\/strong>\u00a0es un documento legal en el que una persona designa a alguien para cuidar a un hijo menor de edad, un hijo adulto discapacitado o un adulto incapacitado en caso de muerte del cuidador actual.<\/p>\n<p><strong>Para los ni\u00f1os peque\u00f1os<\/strong>, los padres pueden incluir una designaci\u00f3n de tutela como parte de sus documentos de planificaci\u00f3n de sucesi\u00f3n.<\/p>\n<p><strong>Para los ni\u00f1os con discapacidad<\/strong>, los padres necesitan nombramientos tutelares cuando los ni\u00f1os alcanzan la edad de 18 con el fin de continuar con la toma de decisiones financieras y atenci\u00f3n de la salud.<\/p>\n<p><strong>Para los padres<\/strong>\u00a0que ya no puede tomar decisiones por s\u00ed mismas debido a la enfermedad de Alzheimer o demencia senil, los hijos adultos necesitan nombramientos tutelares de tener la autoridad legal para tomar cuidado de sus padres &#8211; si los padres no tienen formas de poderes por una abogada. El nombramiento tutela da al tutor el derecho sobre el cuidado de la salud y decisiones financieras en nombre de los padres.<\/p>\n<p>En la\u00a0<a href=\"https:\/\/www.vanessalopezlaw.com\/es\/perfiles\/\">L\u00f3pez Law Office<\/a>, le puedo asesorar en cualquiera de estos tipos de aplicaciones de tutela. Le voy a guiar a trav\u00e9s del proceso y ayudar a asegurar que va de la mejor manera posible.<\/p>\n<h2>Derechos de los Abuelos<\/h2>\n<p>Yo tambi\u00e9n asisto a los abuelos para hacer valer sus derechos e intereses en el cuidado del ni\u00f1o o ni\u00f1os, en caso de que los padres no puedan hacerlo. De conformidad con la ley de Indiana, los tribunales conceden prioridad de tutela a los que fueron nombrados por escrito por el padre y\/o madre del ni\u00f1o. Sin embargo, nombrando un par de abuelos por escrito no los convierten autom\u00e1ticamente en la elecci\u00f3n de los tutores. Yo represento a clientes en ambos lados de la cuesti\u00f3n. Ayudo a exponer claramente las razones por la cual mis clientes deben obtener una tutela, teniendo en cuenta factores tales como:<\/p>\n<ul>\n<li>Ni\u00f1os o adultos incapacitados en relaci\u00f3n con los abuelos.<\/li>\n<li>Capacidad de los abuelos para cuidar los ni\u00f1os o adultos incapacitados.<\/li>\n<li>Buena disposici\u00f3n de ambas partes para apoyar las visitas.<\/li>\n<li>Ubicaci\u00f3n de los abuelos en relaci\u00f3n a la casa actual del ni\u00f1o y de la escuela.<\/li>\n<li>Otros asuntos importantes.<\/li>\n<\/ul>\n<h3>Consulta al Abogada<\/h3>\n<p>Para discutir sus preguntas de tutela con la abogada de Vanessa L\u00f3pez Aguilera, llame al (317) 342-4872 o llene nuestra simple\u00a0<a title=\"Contacto\" href=\"https:\/\/www.vanessalopezlaw.com\/es\/contacto\/\">forma de contacto<\/a>.<\/p>\n","protected":false},"excerpt":{"rendered":"<p>Abogada de Tutelas en Indian\u00e1polis La tutela\u00a0es un documento legal en el que una persona designa a alguien para cuidar a un hijo menor de edad, un hijo adulto discapacitado o un adulto incapacitado en caso de muerte del cuidador actual. Para los ni\u00f1os peque\u00f1os, los padres pueden incluir una designaci\u00f3n de tutela como parte [&hellip;]<\/p>\n","protected":false},"author":17,"featured_media":995,"parent":238,"menu_order":0,"comment_status":"closed","ping_status":"closed","template":"","meta":{"_acf_changed":false,"_oasis_is_in_workflow":0,"_oasis_original":0,"_oasis_task_priority":"","footnotes":""},"class_list":["post-338","page","type-page","status-publish","has-post-thumbnail","hentry","entry"],"acf":[],"_links":{"self":[{"href":"https:\/\/www.vanessalopezlaw.com\/es\/wp-json\/wp\/v2\/pages\/338","targetHints":{"allow":["GET"]}}],"collection":[{"href":"https:\/\/www.vanessalopezlaw.com\/es\/wp-json\/wp\/v2\/pages"}],"about":[{"href":"https:\/\/www.vanessalopezlaw.com\/es\/wp-json\/wp\/v2\/types\/page"}],"author":[{"embeddable":true,"href":"https:\/\/www.vanessalopezlaw.com\/es\/wp-json\/wp\/v2\/users\/17"}],"replies":[{"embeddable":true,"href":"https:\/\/www.vanessalopezlaw.com\/es\/wp-json\/wp\/v2\/comments?post=338"}],"version-history":[{"count":10,"href":"https:\/\/www.vanessalopezlaw.com\/es\/wp-json\/wp\/v2\/pages\/338\/revisions"}],"predecessor-version":[{"id":3892,"href":"https:\/\/www.vanessalopezlaw.com\/es\/wp-json\/wp\/v2\/pages\/338\/revisions\/3892"}],"up":[{"embeddable":true,"href":"https:\/\/www.vanessalopezlaw.com\/es\/wp-json\/wp\/v2\/pages\/238"}],"wp:featuredmedia":[{"embeddable":true,"href":"https:\/\/www.vanessalopezlaw.com\/es\/wp-json\/wp\/v2\/media\/995"}],"wp:attachment":[{"href":"https:\/\/www.vanessalopezlaw.com\/es\/wp-json\/wp\/v2\/media?parent=338"}],"curies":[{"name":"wp","href":"https:\/\/api.w.org\/{rel}","templated":true}]}}