{"id":253,"date":"2021-09-02T06:54:06","date_gmt":"2021-09-02T06:54:06","guid":{"rendered":"http:\/\/www.vanessalopezlaw.com\/?page_id=253"},"modified":"2026-01-28T11:49:31","modified_gmt":"2026-01-28T17:49:31","slug":"abogado-de-familia-lgbt","status":"publish","type":"page","link":"https:\/\/www.vanessalopezlaw.com\/es\/areas-de-practicas\/abogado-de-familia-lgbt\/","title":{"rendered":"Abogada de Familia LGBTQ+"},"content":{"rendered":"<h2>Abogado de Derecho Familiar LGBTQ+ en Indian\u00e1polis<\/h2>\n<p>La comunidad LGBTQ+ de Indiana encontrar\u00e1 un ambiente acogedor y una representaci\u00f3n legal experta en la oficina legal de L\u00f3pez en Indian\u00e1polis. Actualmente, Indiana reconoce formalmente los matrimonios entre personas del mismo sexo.<\/p>\n<h2>Abogando por los Clientes LGBTQ+ en Indian\u00e1polis<\/h2>\n<p><a href=\"https:\/\/www.vanessalopezlaw.com\/es\/perfiles\/\">L\u00f3pez Law Office<\/a> se enorgullece de apoyar a la comunidad LGBTQ+. Nuestra firma pertenece a Rainbow Chamber y cuenta con un equipo de aliados dedicados y una abogada que es miembro de la comunidad. Entendemos las alegr\u00edas \u00fanicas y los desaf\u00edos igualmente \u00fanicos que conlleva navegar por el derecho de familia en espacios queer, ya sea que se trate de adopci\u00f3n, matrimonio, subrogaci\u00f3n, cambios de nombre y marcador de g\u00e9nero, o divorcio. Nuestro compromiso de brindar apoyo legal emp\u00e1tico, informado y efectivo es tan feroz como nuestro orgullo de representar a nuestros clientes queer y de g\u00e9nero expansivo. Estamos preparados para defenderlo a usted y a su familia con dignidad y respeto inquebrantables en cada paso de su viaje. <a href=\"https:\/\/www.vanessalopezlaw.com\/es\/contacto\/\">Cont\u00e1ctenos<\/a> para una consulta y saber c\u00f3mo podemos ayudarlo a proteger sus mejores intereses, disponible tanto en ingl\u00e9s como en espa\u00f1ol.<\/p>\n<h3>Comun\u00edquese con un Abogada Calificado en Derecho de Familia LGBTQ+ en Carmel, Indiana<\/h3>\n<p>Para discutir sus preguntas sobre el derecho de familia LGBTQ+ conmigo, comun\u00edquese con nuestro equipo legal en l\u00ednea o llame al (317) 634-9484. Ofrecemos consultas en nuestra oficina legal en Indian\u00e1polis para que pueda comenzar a abordar las inquietudes que lo mantienen despierto por la noche. Hablamos espa\u00f1ol.<\/p>\n","protected":false},"excerpt":{"rendered":"<p>Abogado de Derecho Familiar LGBTQ+ en Indian\u00e1polis La comunidad LGBTQ+ de Indiana encontrar\u00e1 un ambiente acogedor y una representaci\u00f3n legal experta en la oficina legal de L\u00f3pez en Indian\u00e1polis. Actualmente, Indiana reconoce formalmente los matrimonios entre personas del mismo sexo. Abogando por los Clientes LGBTQ+ en Indian\u00e1polis L\u00f3pez Law Office se enorgullece de apoyar a [&hellip;]<\/p>\n","protected":false},"author":17,"featured_media":1854,"parent":238,"menu_order":0,"comment_status":"closed","ping_status":"closed","template":"","meta":{"_acf_changed":false,"_oasis_is_in_workflow":0,"_oasis_original":0,"_oasis_task_priority":"","footnotes":""},"class_list":["post-253","page","type-page","status-publish","has-post-thumbnail","hentry","entry"],"acf":[],"_links":{"self":[{"href":"https:\/\/www.vanessalopezlaw.com\/es\/wp-json\/wp\/v2\/pages\/253","targetHints":{"allow":["GET"]}}],"collection":[{"href":"https:\/\/www.vanessalopezlaw.com\/es\/wp-json\/wp\/v2\/pages"}],"about":[{"href":"https:\/\/www.vanessalopezlaw.com\/es\/wp-json\/wp\/v2\/types\/page"}],"author":[{"embeddable":true,"href":"https:\/\/www.vanessalopezlaw.com\/es\/wp-json\/wp\/v2\/users\/17"}],"replies":[{"embeddable":true,"href":"https:\/\/www.vanessalopezlaw.com\/es\/wp-json\/wp\/v2\/comments?post=253"}],"version-history":[{"count":14,"href":"https:\/\/www.vanessalopezlaw.com\/es\/wp-json\/wp\/v2\/pages\/253\/revisions"}],"predecessor-version":[{"id":3871,"href":"https:\/\/www.vanessalopezlaw.com\/es\/wp-json\/wp\/v2\/pages\/253\/revisions\/3871"}],"up":[{"embeddable":true,"href":"https:\/\/www.vanessalopezlaw.com\/es\/wp-json\/wp\/v2\/pages\/238"}],"wp:featuredmedia":[{"embeddable":true,"href":"https:\/\/www.vanessalopezlaw.com\/es\/wp-json\/wp\/v2\/media\/1854"}],"wp:attachment":[{"href":"https:\/\/www.vanessalopezlaw.com\/es\/wp-json\/wp\/v2\/media?parent=253"}],"curies":[{"name":"wp","href":"https:\/\/api.w.org\/{rel}","templated":true}]}}