{"id":199,"date":"2021-09-02T04:48:08","date_gmt":"2021-09-02T04:48:08","guid":{"rendered":"http:\/\/www.vanessalopezlaw.com\/?page_id=199"},"modified":"2026-01-28T11:50:44","modified_gmt":"2026-01-28T17:50:44","slug":"acciones-de-paternidad","status":"publish","type":"page","link":"https:\/\/www.vanessalopezlaw.com\/es\/areas-de-practicas\/derecho-de-familia\/acciones-de-paternidad\/","title":{"rendered":"Abogada de Ley de Paternidad en Indian\u00e1polis"},"content":{"rendered":"<h2>Abogada de Ley de Paternidad en Indian\u00e1polis<\/h2>\n<p>Una acci\u00f3n de paternidad es un procedimiento legal que establece el derecho del padre de un ni\u00f1o nacido fuera del matrimonio. Una vez que se establezca la paternidad, la corte puede ordenar al padre que pague la manutenci\u00f3n del ni\u00f1o y tambi\u00e9n proporcionar derechos de paternidad. En algunos casos, si es en el mejor inter\u00e9s del ni\u00f1o, el padre puede otorgar la custodia f\u00edsica primaria.<\/p>\n<p>En el pasado, las acciones de paternidad eran iniciadas generalmente por la madre para cobrar la manutenci\u00f3n infantil. Ahora los padres son igual de propensos a acudir a una abogada para el r\u00e9gimen de visitas o custodia.<\/p>\n<p>En Indiana, el padre puede firmar una declaraci\u00f3n jurada de paternidad en el hospital cuando el ni\u00f1o nace. Si la paternidad se disputa, las partes pueden solicitar o el tribunal puede ordenar pruebas de ADN.<\/p>\n<h2>Estableciendo Derechos y Obligaciones de Paternidad en Indiana<\/h2>\n<ul>\n<li><strong>La custodia legal.<\/strong> En un caso de paternidad en Indiana, se presume que la madre tendr\u00e1 la custodia legal exclusiva de los hijos menores de las partes. La custodia legal es el derecho a tomar decisiones m\u00e9dicas, religiosas y de educaci\u00f3n para el ni\u00f1o.<\/li>\n<li><strong>Tiempo de crianza.<\/strong> El padre sin custodia tiene el derecho de ver a su(s) hijo(s) de acuerdo con lo establecido en la gu\u00eda para padres sobre el tiempo de crianza en indiana (IPTG).<\/li>\n<li><strong>Manutenci\u00f3n de los hijos.<\/strong> Los padres sin custodia est\u00e1n obligados a pagar la manutenci\u00f3n de acuerdo a una f\u00f3rmula. Se basa en los ingresos brutos de los padres y de varios otros factores, incluyendo cuidado de ni\u00f1os, seguro de salud y el r\u00e9gimen de visitas del padre sin custodia.<\/li>\n<li><strong>Modificaci\u00f3n de la manutenci\u00f3n de menores.<\/strong> Los padres pueden modificar manutenci\u00f3n de los hijos si se produce un cambio sustancial en las partes financieras, como un despido o un ascenso del trabajo.<\/li>\n<li><strong>Ejecuci\u00f3n de las \u00f3rdenes de manutenci\u00f3n y crianza de los hijos.<\/strong> Si usted no est\u00e1 recibiendo manutenci\u00f3n de los hijos o de los derechos de tiempo de crianza, usted puede ir a los tribunales para hacer cumplir la orden. El tribunal har\u00e1 cumplir la orden actual y en su caso, si el desacato se encuentra, ordenar a la parte incumplidora a pagar los honorarios del abogada.<\/li>\n<\/ul>\n<h3>Consulte con La Abogada<\/h3>\n<p>Para discutir su caso con la abogada de ley de paternidad Vanessa L\u00f3pez Aguilera, llame al (317) 342-2706 o llene nuestra forma de contacto.<\/p>\n","protected":false},"excerpt":{"rendered":"<p>Abogada de Ley de Paternidad en Indian\u00e1polis Una acci\u00f3n de paternidad es un procedimiento legal que establece el derecho del padre de un ni\u00f1o nacido fuera del matrimonio. Una vez que se establezca la paternidad, la corte puede ordenar al padre que pague la manutenci\u00f3n del ni\u00f1o y tambi\u00e9n proporcionar derechos de paternidad. En algunos [&hellip;]<\/p>\n","protected":false},"author":17,"featured_media":973,"parent":383,"menu_order":0,"comment_status":"closed","ping_status":"closed","template":"","meta":{"_acf_changed":false,"_oasis_is_in_workflow":0,"_oasis_original":0,"_oasis_task_priority":"","footnotes":""},"class_list":["post-199","page","type-page","status-publish","has-post-thumbnail","hentry","entry"],"acf":[],"_links":{"self":[{"href":"https:\/\/www.vanessalopezlaw.com\/es\/wp-json\/wp\/v2\/pages\/199","targetHints":{"allow":["GET"]}}],"collection":[{"href":"https:\/\/www.vanessalopezlaw.com\/es\/wp-json\/wp\/v2\/pages"}],"about":[{"href":"https:\/\/www.vanessalopezlaw.com\/es\/wp-json\/wp\/v2\/types\/page"}],"author":[{"embeddable":true,"href":"https:\/\/www.vanessalopezlaw.com\/es\/wp-json\/wp\/v2\/users\/17"}],"replies":[{"embeddable":true,"href":"https:\/\/www.vanessalopezlaw.com\/es\/wp-json\/wp\/v2\/comments?post=199"}],"version-history":[{"count":13,"href":"https:\/\/www.vanessalopezlaw.com\/es\/wp-json\/wp\/v2\/pages\/199\/revisions"}],"predecessor-version":[{"id":3873,"href":"https:\/\/www.vanessalopezlaw.com\/es\/wp-json\/wp\/v2\/pages\/199\/revisions\/3873"}],"up":[{"embeddable":true,"href":"https:\/\/www.vanessalopezlaw.com\/es\/wp-json\/wp\/v2\/pages\/383"}],"wp:featuredmedia":[{"embeddable":true,"href":"https:\/\/www.vanessalopezlaw.com\/es\/wp-json\/wp\/v2\/media\/973"}],"wp:attachment":[{"href":"https:\/\/www.vanessalopezlaw.com\/es\/wp-json\/wp\/v2\/media?parent=199"}],"curies":[{"name":"wp","href":"https:\/\/api.w.org\/{rel}","templated":true}]}}