{"id":1757,"date":"2021-09-28T09:58:01","date_gmt":"2021-09-28T14:58:01","guid":{"rendered":"http:\/\/www.vanessalopezlaw.com\/?page_id=1757"},"modified":"2026-01-28T12:02:31","modified_gmt":"2026-01-28T18:02:31","slug":"derechos-de-los-abuelos","status":"publish","type":"page","link":"https:\/\/www.vanessalopezlaw.com\/es\/derechos-de-los-abuelos\/","title":{"rendered":"Derechos de los Abuelos"},"content":{"rendered":"<h2>Abogado de Derechos de los Abuelos de Indian\u00e1polis<\/h2>\n<p>Tambi\u00e9n ayudamos a los abuelos a hacer valer sus derechos e intereses en el cuidado de un ni\u00f1o, en caso de que los padres no puedan hacerlo. De acuerdo con el estatuto de Indiana, los tribunales otorgan prioridad de tutela a aquellos que fueron nominados por escrito por los padres del ni\u00f1o. Sin embargo, nombrar a un grupo de abuelos por escrito no los convierte autom\u00e1ticamente en la opci\u00f3n de tutores. Representamos a clientes de ambos lados del problema. Ayudamos a trazar razones claras por las que mis clientes deben obtener la tutela, teniendo en cuenta factores como:<\/p>\n<ul>\n<li>La relaci\u00f3n del ni\u00f1o o adulto incapacitado con los abuelos.<\/li>\n<li>La capacidad de los abuelos para cuidar al ni\u00f1o o al adulto incapacitado.<\/li>\n<li>La voluntad de cualquiera de las partes para apoyar las visitas.<\/li>\n<li>La ubicaci\u00f3n de los abuelos en relaci\u00f3n con el hogar y la escuela actuales del ni\u00f1o.<\/li>\n<li>Y otros asuntos importantes<\/li>\n<\/ul>\n<h3>Comun\u00edquese con la Abogada de Derechos de los Abuelos de Indian\u00e1polis, Vanessa L\u00f3pez Aguilera<\/h3>\n<p>Ofrecemos un enfoque experto y comprensivo, basado en sus necesidades. Juntos, exploraremos las opciones que pueden estar disponibles para usted y crearemos una soluci\u00f3n s\u00f3lida que aborde sus inquietudes y deseos. Ofrecemos una consulta inicial, en la que evaluaremos su caso y hablaremos con usted sobre c\u00f3mo puede proceder.<\/p>\n<p>Para saber c\u00f3mo puede establecer una tutela en Indian\u00e1polis, comun\u00edquese con la abogada <a href=\"https:\/\/www.vanessalopezlaw.com\/es\/perfiles\/abogada\/\">Vanessa L\u00f3pez Aguilera<\/a> en l\u00ednea o llame al (317) 634-9484 para una consulta. Hablamos espa\u00f1ol.<\/p>\n","protected":false},"excerpt":{"rendered":"<p>Abogado de Derechos de los Abuelos de Indian\u00e1polis Tambi\u00e9n ayudamos a los abuelos a hacer valer sus derechos e intereses en el cuidado de un ni\u00f1o, en caso de que los padres no puedan hacerlo. De acuerdo con el estatuto de Indiana, los tribunales otorgan prioridad de tutela a aquellos que fueron nominados por escrito [&hellip;]<\/p>\n","protected":false},"author":17,"featured_media":1758,"parent":0,"menu_order":0,"comment_status":"closed","ping_status":"closed","template":"","meta":{"_acf_changed":false,"_oasis_is_in_workflow":0,"_oasis_original":0,"_oasis_task_priority":"","footnotes":""},"class_list":["post-1757","page","type-page","status-publish","has-post-thumbnail","hentry","entry"],"acf":[],"_links":{"self":[{"href":"https:\/\/www.vanessalopezlaw.com\/es\/wp-json\/wp\/v2\/pages\/1757","targetHints":{"allow":["GET"]}}],"collection":[{"href":"https:\/\/www.vanessalopezlaw.com\/es\/wp-json\/wp\/v2\/pages"}],"about":[{"href":"https:\/\/www.vanessalopezlaw.com\/es\/wp-json\/wp\/v2\/types\/page"}],"author":[{"embeddable":true,"href":"https:\/\/www.vanessalopezlaw.com\/es\/wp-json\/wp\/v2\/users\/17"}],"replies":[{"embeddable":true,"href":"https:\/\/www.vanessalopezlaw.com\/es\/wp-json\/wp\/v2\/comments?post=1757"}],"version-history":[{"count":3,"href":"https:\/\/www.vanessalopezlaw.com\/es\/wp-json\/wp\/v2\/pages\/1757\/revisions"}],"predecessor-version":[{"id":3893,"href":"https:\/\/www.vanessalopezlaw.com\/es\/wp-json\/wp\/v2\/pages\/1757\/revisions\/3893"}],"wp:featuredmedia":[{"embeddable":true,"href":"https:\/\/www.vanessalopezlaw.com\/es\/wp-json\/wp\/v2\/media\/1758"}],"wp:attachment":[{"href":"https:\/\/www.vanessalopezlaw.com\/es\/wp-json\/wp\/v2\/media?parent=1757"}],"curies":[{"name":"wp","href":"https:\/\/api.w.org\/{rel}","templated":true}]}}