{"id":1720,"date":"2021-09-27T15:16:29","date_gmt":"2021-09-27T20:16:29","guid":{"rendered":"http:\/\/www.vanessalopezlaw.com\/?page_id=1720"},"modified":"2026-01-28T11:58:05","modified_gmt":"2026-01-28T17:58:05","slug":"mediacion-familiar-2","status":"publish","type":"page","link":"https:\/\/www.vanessalopezlaw.com\/es\/areas-de-practicas\/derecho-de-familia\/mediacion-familiar-2\/","title":{"rendered":"Mediacion Familiar"},"content":{"rendered":"<h2>Abogada de Mediaci\u00f3n de Divorcio en Indiana<\/h2>\n<p>Mucha gente asume que acudir a los tribunales es la \u00fanica manera de resolver los problemas internos de asociaci\u00f3n y finalizar una sentencia de divorcio. Sin embargo, la mediaci\u00f3n de derecho familiar puede ser una alternativa viable para aquellas parejas que desean resolver el conflicto amigablemente. En la L\u00f3pez Law Office, le recomiendo a los clientes a considerar esta opci\u00f3n, ya que a menudo reduce la tensi\u00f3n durante un tiempo estresante.<\/p>\n<h2>Conversa Conmigo Sobre la Ley de Mediaci\u00f3n Familiar<\/h2>\n<p>Como un mediador certificado y abogada de divorcio, puedo ayudarle a usted y a su esposo(a) a resolver asuntos de divorcio sin tener que pasar ante un juez. Durante el proceso de mediaci\u00f3n, usted puede expresar sus deseos y necesidades de manera abierta y honestamente con su pareja. El acuerdo final y los arreglos de custodia de menores son un producto de la negociaci\u00f3n entre las partes. Muchas de las mediaciones que hago como una abogada de divorcio de Indian\u00e1polis, Indiana, la mediaci\u00f3n se lleva a cabo con las partes en lugares separados.<\/p>\n<p>La mediaci\u00f3n es confidencial. Si un acuerdo no se alcanza, todo lo que se dijo en la mediaci\u00f3n no es admisible en la corte.<\/p>\n<p>La mediaci\u00f3n es a menudo una forma exitosa para parejas que se divorcian, a permanecer en buenos t\u00e9rminos a pesar de su separaci\u00f3n. Sin embargo, no funciona para todos. Ofrezco consultas para examinar si la mediaci\u00f3n puede ser adecuada para usted.<\/p>\n<h2>Ventajas de La Mediaci\u00f3n:<\/h2>\n<ul>\n<li>Menos contradictorio: La mediaci\u00f3n permite la comunicaci\u00f3n abierta entre las dos partes y sus abogadas.<\/li>\n<li>Costo-efectivo: La mediaci\u00f3n es a menudo menos costoso que los procedimientos judiciales.<\/li>\n<li>Usted toma las decisiones: En la mediaci\u00f3n, usted y la otra parte toman las decisiones en cuanto a la custodia de los hijos, pensi\u00f3n alimenticia y otros asuntos de divorcio, en lugar de un juez.<\/li>\n<li>Decisiones estables: Las decisiones tomadas por un juez son a menudo cuestionadas por la parte \u00abperdedora.\u00bb En la mediaci\u00f3n, no hay un ganador o un perdedor. Sin embargo, ambas partes negocian un acuerdo mutuamente aceptable.<\/li>\n<\/ul>\n<h3>Consulta con una abogada de mediaci\u00f3n de divorcio en Indian\u00e1polis, Indiana.<\/h3>\n<p>Para discutir las ventajas de la mediaci\u00f3n con la abogada de Vanessa L\u00f3pez Aguilera, llame al (317) 342-2706 o llene nuestra forma de contacto.<\/p>\n","protected":false},"excerpt":{"rendered":"<p>Abogada de Mediaci\u00f3n de Divorcio en Indiana Mucha gente asume que acudir a los tribunales es la \u00fanica manera de resolver los problemas internos de asociaci\u00f3n y finalizar una sentencia de divorcio. Sin embargo, la mediaci\u00f3n de derecho familiar puede ser una alternativa viable para aquellas parejas que desean resolver el conflicto amigablemente. En la [&hellip;]<\/p>\n","protected":false},"author":17,"featured_media":1728,"parent":383,"menu_order":0,"comment_status":"closed","ping_status":"closed","template":"","meta":{"_acf_changed":false,"_oasis_is_in_workflow":0,"_oasis_original":0,"_oasis_task_priority":"","footnotes":""},"class_list":["post-1720","page","type-page","status-publish","has-post-thumbnail","hentry","entry"],"acf":[],"_links":{"self":[{"href":"https:\/\/www.vanessalopezlaw.com\/es\/wp-json\/wp\/v2\/pages\/1720","targetHints":{"allow":["GET"]}}],"collection":[{"href":"https:\/\/www.vanessalopezlaw.com\/es\/wp-json\/wp\/v2\/pages"}],"about":[{"href":"https:\/\/www.vanessalopezlaw.com\/es\/wp-json\/wp\/v2\/types\/page"}],"author":[{"embeddable":true,"href":"https:\/\/www.vanessalopezlaw.com\/es\/wp-json\/wp\/v2\/users\/17"}],"replies":[{"embeddable":true,"href":"https:\/\/www.vanessalopezlaw.com\/es\/wp-json\/wp\/v2\/comments?post=1720"}],"version-history":[{"count":3,"href":"https:\/\/www.vanessalopezlaw.com\/es\/wp-json\/wp\/v2\/pages\/1720\/revisions"}],"predecessor-version":[{"id":3884,"href":"https:\/\/www.vanessalopezlaw.com\/es\/wp-json\/wp\/v2\/pages\/1720\/revisions\/3884"}],"up":[{"embeddable":true,"href":"https:\/\/www.vanessalopezlaw.com\/es\/wp-json\/wp\/v2\/pages\/383"}],"wp:featuredmedia":[{"embeddable":true,"href":"https:\/\/www.vanessalopezlaw.com\/es\/wp-json\/wp\/v2\/media\/1728"}],"wp:attachment":[{"href":"https:\/\/www.vanessalopezlaw.com\/es\/wp-json\/wp\/v2\/media?parent=1720"}],"curies":[{"name":"wp","href":"https:\/\/api.w.org\/{rel}","templated":true}]}}