{"id":1599,"date":"2021-09-20T15:00:51","date_gmt":"2021-09-20T20:00:51","guid":{"rendered":"http:\/\/www.vanessalopezlaw.com\/?page_id=1599"},"modified":"2026-01-28T12:01:14","modified_gmt":"2026-01-28T18:01:14","slug":"divorcio-lgbtq-con-hijos","status":"publish","type":"page","link":"https:\/\/www.vanessalopezlaw.com\/es\/areas-de-practicas\/divorcio-lgbtq-con-hijos\/","title":{"rendered":"Divorcio LGBTQ+ con Hijos"},"content":{"rendered":"<h2>Ley de Divorcio y Custodia de Menores LGBTQ+ en Indian\u00e1polis, IN<\/h2>\n<p>Divorcio con hijos significa averiguar la custodia y \/ o manutenci\u00f3n de los hijos. Si bien las necesidades del ni\u00f1o son la primera prioridad, la ley puede ser confusa y poco clara con respecto a qui\u00e9n recibe la custodia. En el divorcio de una pareja lesbiana, gay, bisexual o transg\u00e9nero (LGBTQ+), las leyes sobre la custodia de los hijos no son diferentes de las leyes para el divorcio de una pareja heterosexual.<\/p>\n<p>El Bufete de Abogados de divorcio y familia de Vanessa L\u00f3pez Aguilera en Indian\u00e1polis, ofrece una gu\u00eda reflexiva y completa para los clientes que necesitan soluciones efectivas de custodia y manutenci\u00f3n de los hijos en Indiana.<\/p>\n<h2>Comprender La Ley de Custodia de Los Hijos en El Divorcio LGBTQ+<\/h2>\n<p>La reciente legalizaci\u00f3n del matrimonio entre personas del mismo sexo significa que las parejas LGBT est\u00e1n forjando un nuevo territorio. La informaci\u00f3n sobre el divorcio LGBT es limitada y vaga; Es posible que sus derechos legales y de su hijo no le sean claros. A pesar de la confusi\u00f3n, el aspecto m\u00e1s importante para determinar la custodia de los hijos es siempre llegar a la mejor decisi\u00f3n para su hijo.<\/p>\n<p>Si usted y su pareja son padres legales del ni\u00f1o, ambos tienen los mismos derechos con respecto a la custodia de los hijos. Un juez manejar\u00e1 los derechos de custodia de los hijos de la misma manera que se manejan en el matrimonio heterosexual, teniendo en cuenta el inter\u00e9s superior del ni\u00f1o. Varios factores influyen en esta decisi\u00f3n, tales como:<\/p>\n<ul>\n<li>La edad y la salud mental y f\u00edsica del ni\u00f1o<\/li>\n<li>Salud f\u00edsica y mental de los padres<\/li>\n<li>La capacidad de los padres para satisfacer las necesidades del ni\u00f1o.<\/li>\n<li>El patr\u00f3n de vida actual del ni\u00f1o (escuela, actividades recreativas, culto, etc.)<\/li>\n<\/ul>\n<p>Si solo uno de ustedes es el padre legal, es m\u00e1s probable que el juez falle a favor del padre legal. El abogado L\u00f3pez tiene mucha experiencia en el derecho de familia de Indiana y puede analizar los detalles y trabajar con usted para crear el mejor plan para usted y su hijo.<\/p>\n<p><span class=\"jsx-3852835299 diff-chunk diff-chunk-inserted diff-chunk-modified active\">LOPEZ LAW OFFICE, P.C.<\/span><span class=\"jsx-3852835299 diff-chunk diff-chunk-equal diff-chunk-modified active\"> tiene mucha experiencia en el derecho de familia de Indiana y puede analizar los detalles y trabajar con usted para crear el mejor plan para usted y su hijo.<\/span><\/p>\n<h3>Llame Hoy y Encuentre Alivio Con un Abogado de Derecho Familiar en Indian\u00e1polis<\/h3>\n<p>El divorcio es bastante dif\u00edcil sin descifrar los problemas legales que lo acompa\u00f1an. La custodia de los hijos y la manutenci\u00f3n de los hijos pueden convertirse en largas batallas legales, que pueden causar angustia a su hijo y a usted. L\u00f3pez Law Office en Indian\u00e1polis ofrece un s\u00f3lido asesoramiento legal y se esfuerza por aliviar la carga del divorcio. No atraviese su divorcio solo con ni\u00f1os. Cont\u00e1ctenos al (317) 634-9484 hoy para su consulta inicial.<\/p>\n","protected":false},"excerpt":{"rendered":"<p>Ley de Divorcio y Custodia de Menores LGBTQ+ en Indian\u00e1polis, IN Divorcio con hijos significa averiguar la custodia y \/ o manutenci\u00f3n de los hijos. Si bien las necesidades del ni\u00f1o son la primera prioridad, la ley puede ser confusa y poco clara con respecto a qui\u00e9n recibe la custodia. En el divorcio de una [&hellip;]<\/p>\n","protected":false},"author":17,"featured_media":0,"parent":238,"menu_order":0,"comment_status":"closed","ping_status":"closed","template":"","meta":{"_acf_changed":false,"_oasis_is_in_workflow":0,"_oasis_original":0,"_oasis_task_priority":"","footnotes":""},"class_list":["post-1599","page","type-page","status-publish","hentry","entry"],"acf":[],"_links":{"self":[{"href":"https:\/\/www.vanessalopezlaw.com\/es\/wp-json\/wp\/v2\/pages\/1599","targetHints":{"allow":["GET"]}}],"collection":[{"href":"https:\/\/www.vanessalopezlaw.com\/es\/wp-json\/wp\/v2\/pages"}],"about":[{"href":"https:\/\/www.vanessalopezlaw.com\/es\/wp-json\/wp\/v2\/types\/page"}],"author":[{"embeddable":true,"href":"https:\/\/www.vanessalopezlaw.com\/es\/wp-json\/wp\/v2\/users\/17"}],"replies":[{"embeddable":true,"href":"https:\/\/www.vanessalopezlaw.com\/es\/wp-json\/wp\/v2\/comments?post=1599"}],"version-history":[{"count":5,"href":"https:\/\/www.vanessalopezlaw.com\/es\/wp-json\/wp\/v2\/pages\/1599\/revisions"}],"predecessor-version":[{"id":3889,"href":"https:\/\/www.vanessalopezlaw.com\/es\/wp-json\/wp\/v2\/pages\/1599\/revisions\/3889"}],"up":[{"embeddable":true,"href":"https:\/\/www.vanessalopezlaw.com\/es\/wp-json\/wp\/v2\/pages\/238"}],"wp:attachment":[{"href":"https:\/\/www.vanessalopezlaw.com\/es\/wp-json\/wp\/v2\/media?parent=1599"}],"curies":[{"name":"wp","href":"https:\/\/api.w.org\/{rel}","templated":true}]}}