{"id":1596,"date":"2021-09-20T14:52:38","date_gmt":"2021-09-20T19:52:38","guid":{"rendered":"http:\/\/www.vanessalopezlaw.com\/?page_id=1596"},"modified":"2026-01-28T11:59:35","modified_gmt":"2026-01-28T17:59:35","slug":"proceso-de-divorcio-de-indiana","status":"publish","type":"page","link":"https:\/\/www.vanessalopezlaw.com\/es\/areas-de-practicas\/derecho-de-familia\/proceso-de-divorcio-de-indiana\/","title":{"rendered":"Proceso de Divorcio de Indiana"},"content":{"rendered":"<h2><span class=\"jsx-3852835299 diff-chunk diff-chunk-equal diff-chunk-modified active\">El <\/span><span class=\"jsx-3852835299 diff-chunk diff-chunk-inserted diff-chunk-modified active\">Proceso<\/span><span class=\"jsx-3852835299 diff-chunk diff-chunk-equal diff-chunk-modified active\"> de <\/span><span class=\"jsx-3852835299 diff-chunk diff-chunk-inserted diff-chunk-modified active\">Divorcio T\u00edpico<\/span><\/h2>\n<p>Cada caso de divorcio es \u00fanico y puede tomar giros inesperados. Pero existe un proceso t\u00edpico que sigue la mayor\u00eda de los casos, y conocer estos pasos puede ayudarlo a prepararse para lo que viene a continuaci\u00f3n. Si est\u00e1 considerando divorciarse y necesita orientaci\u00f3n espec\u00edfica, comun\u00edquese con nuestra oficina hoy para solicitar una consulta.<\/p>\n<h2 id=\"dp-step1\">Prepara y Organiza<\/h2>\n<p><span class=\"jsx-3852835299 diff-chunk diff-chunk-equal diff-chunk-modified active\">Si ha tomado la decisi\u00f3n de poner fin a su matrimonio, hay pasos que puede seguir para prepararse antes de que comience el proceso, como reunir y organizar documentos importantes como documentos financieros y p\u00f3lizas de seguro. Considere cu\u00e1les ser\u00e1n sus metas una vez que finalice el proceso, como mantener a la familia en casa, por ejemplo, <\/span><span class=\"jsx-3852835299 diff-chunk diff-chunk-equal diff-chunk-modified active\">qu\u00e9 tipo de proceso de divorcio es el adecuado para su situaci\u00f3n. Las parejas que est\u00e1n de acuerdo en todos o en la mayor\u00eda de los problemas pueden ahorrar tiempo con un divorcio incontestado, pero las parejas cuyos objetivos est\u00e1n muy alejados pueden necesitar prepararse para un juicio de divorcio.<\/span><\/p>\n<p>Tambi\u00e9n debe buscar el consejo de un abogado de divorcio local, quien puede ofrecerle una gu\u00eda detallada basada en los detalles de su caso. Un abogado que se concentre en derecho de familia estar\u00e1 familiarizado con los tribunales y los jueces de su \u00e1rea y podr\u00e1 ayudarlo a defender sus derechos y sus mejores intereses.<\/p>\n<h2 id=\"dp-step2\">Solicitar Divorcio<\/h2>\n<p><span class=\"jsx-3852835299 diff-chunk diff-chunk-equal diff-chunk-modified active\">Para iniciar el proceso legal de divorcio, deber\u00e1 presentar la documentaci\u00f3n requerida por el estado, incluida una Petici\u00f3n de <\/span><span class=\"jsx-3852835299 diff-chunk diff-chunk-inserted diff-chunk-modified active\">Disoluci\u00f3n<\/span><span class=\"jsx-3852835299 diff-chunk diff-chunk-equal diff-chunk-modified active\"> de <\/span><span class=\"jsx-3852835299 diff-chunk diff-chunk-inserted diff-chunk-modified active\">Matrimonio,<\/span><span class=\"jsx-3852835299 diff-chunk diff-chunk-equal diff-chunk-modified active\"> Citaci\u00f3n y Declaraci\u00f3n <\/span><span class=\"jsx-3852835299 diff-chunk diff-chunk-inserted diff-chunk-modified active\">Financiera.<\/span><span class=\"jsx-3852835299 diff-chunk diff-chunk-equal diff-chunk-modified active\"> Tambi\u00e9n es posible que se requieran otros formularios dependiendo de sus circunstancias. La <\/span><span class=\"jsx-3852835299 diff-chunk diff-chunk-inserted diff-chunk-modified active\">Petici\u00f3n<\/span><span class=\"jsx-3852835299 diff-chunk diff-chunk-equal diff-chunk-modified active\"> incluir\u00e1 declaraciones, denominadas acusaciones, que expliquen lo que quiere del acuerdo de divorcio, como la custodia exclusiva de sus hijos. Tener estos formularios preparados por un abogado ayuda a garantizar que su petici\u00f3n sea lo m\u00e1s completa posible.<\/span><\/p>\n<h2 id=\"dp-step3\">Servicio de Procesos<\/h2>\n<p>Por ley, su c\u00f3nyuge debe recibir notificaci\u00f3n o notificaci\u00f3n de la presentaci\u00f3n de divorcio a trav\u00e9s de un medio oficial, como correo certificado o un servidor de proceso. Para los c\u00f3nyuges que trabajan en colaboraci\u00f3n en un acuerdo de divorcio, este paso puede ser solo una formalidad, pero en algunos casos, es la primera vez que la otra parte se entera del divorcio. Si no se puede localizar a su c\u00f3nyuge o est\u00e1 intentando ocultar su paradero, es posible que pueda cumplir con el requisito de servicio mediante notificaci\u00f3n por publicaci\u00f3n, donde la notificaci\u00f3n se publica en un peri\u00f3dico aprobado. El c\u00f3nyuge que recibe la petici\u00f3n puede presentar una respuesta formal, llamada respuesta, pero no es un requisito.<\/p>\n<h2 id=\"dp-step4\">Audiencias Provisionales<\/h2>\n<p>Mientras se trabaja en un acuerdo de divorcio final, algunos asuntos, como d\u00f3nde vivir\u00e1n sus hijos, deben decidirse temporalmente. Si usted y su exc\u00f3nyuge no pueden ponerse de acuerdo sobre estos temas, puede solicitar una audiencia provisional, tambi\u00e9n llamada audiencia preliminar, pidiendo al juez que emita una decisi\u00f3n. La orden provisional permanecer\u00e1 en vigor hasta que se alcance el acuerdo final de divorcio. Se pueden solicitar audiencias provisionales durante todo el proceso, pero son m\u00e1s comunes inmediatamente despu\u00e9s de la presentaci\u00f3n.<\/p>\n<h2 id=\"dp-step5\">Declaraciones Financieras<\/h2>\n<p>Cada c\u00f3nyuge deber\u00e1 presentar divulgaciones financieras al tribunal, incluidas las fuentes de ingresos, activos y deudas. Es muy importante presentar una divulgaci\u00f3n financiera completa y veraz. Cualquier informaci\u00f3n financiera relevante que usted o su c\u00f3nyuge omitan podr\u00eda verse como un intento de ocultar activos o enga\u00f1ar al tribunal. Un abogado calificado en derecho de familia puede ayudarlo a determinar la mejor manera de informar sobre asuntos complejos, como un bono trimestral que fluct\u00faa.<\/p>\n<h2 id=\"dp-step6\">Descubrimiento y Mociones<\/h2>\n<p>En cualquier momento entre la presentaci\u00f3n del divorcio y el acuerdo final, su abogado y el abogado de su c\u00f3nyuge pueden solicitar, enviar e intercambiar documentos y pruebas que consideren necesarios para establecer una imagen precisa de sus finanzas y bienes matrimoniales. Recopilar documentos y prepararlos con anticipaci\u00f3n puede ayudar a reducir la cantidad de tiempo necesario para el descubrimiento, lo que ahorra tiempo y dinero para ambas partes.<\/p>\n<p>Cualquiera de las partes tambi\u00e9n puede presentar mociones durante el transcurso del divorcio. Una Moci\u00f3n es esencialmente una solicitud formal al tribunal para que tome una decisi\u00f3n. Las mociones se utilizan por muchas razones, incluso para solicitar audiencias provisionales o para obligar a la otra parte a cumplir con una orden judicial anterior. Incluso despu\u00e9s de que se ingresa el decreto final, un ex-c\u00f3nyuge puede presentar ciertas mociones, como una solicitud para modificar los t\u00e9rminos de la custodia de los hijos.<\/p>\n<h2 id=\"dp-step7\">Negociaci\u00f3n<\/h2>\n<p>Una vez que cada parte haya enviado su informaci\u00f3n y solicitudes a la otra, trabajar\u00e1 con su abogado para resolver cualquier \u00e1rea de conflicto. La cantidad de desacuerdo entre usted y su futuro ex-c\u00f3nyuge determinar\u00e1 si se necesita negociaci\u00f3n o cu\u00e1nta negociaci\u00f3n para llegar a un acuerdo que logre sus objetivos.<\/p>\n<p>En algunas situaciones, como las cuestiones de custodia muy controvertidas, el tribunal tambi\u00e9n puede recomendar o incluso exigir la mediaci\u00f3n. Durante este proceso, un mediador profesional examinar\u00e1 los problemas desde una posici\u00f3n neutral (lo que significa que no representan a ninguno de los c\u00f3nyuges) y sugerir\u00e1 una resoluci\u00f3n.<\/p>\n<h2 id=\"dp-step8\">Acuerdo o Juicio<\/h2>\n<p>Si todos los problemas se resuelven mediante negociaci\u00f3n o mediaci\u00f3n, se redactar\u00e1 un acuerdo final y se enviar\u00e1 al tribunal. La ley de Indiana requiere un per\u00edodo de espera de 60 d\u00edas desde el momento en que se presenta una Petici\u00f3n de divorcio hasta que se puede otorgar el divorcio. Por lo tanto, incluso si llega a un acuerdo muy r\u00e1pidamente, es posible que deba esperar hasta que hayan pasado los 60 d\u00edas. Una vez que este acuerdo sea aprobado por la corte, se emitir\u00e1 un Decreto de Disoluci\u00f3n y el matrimonio se dar\u00e1 por terminado legalmente.<\/p>\n<p>Si no puede estar de acuerdo, o uno de los c\u00f3nyuges est\u00e1 decidido a no transigir, entonces el caso puede ir a juicio, donde un juez decidir\u00e1 un acuerdo. Los juicios de divorcio son relativamente cortos y pueden ser costosos. Debe sopesar cuidadosamente los beneficios y riesgos de una prueba antes de decidirse por esta opci\u00f3n.<\/p>\n<h2 id=\"dp-step9\">Post-Decreto<\/h2>\n<p>Despu\u00e9s de que el divorcio sea definitivo, es posible que a\u00fan quede alg\u00fan trabajo legal por hacer para cumplir con los t\u00e9rminos del acuerdo, como vender una propiedad o cerrar cuentas conjuntas. Si es necesario, su abogado puede ayudar a garantizar que se cumplan los t\u00e9rminos del acuerdo y emprender acciones legales si no se cumplen.<\/p>\n<h3>Su Defensor de Los Asuntos Familiares Dif\u00edciles<\/h3>\n<p>El divorcio puede resultar abrumador, pero no tiene que afrontarlo solo. En L\u00f3pez Law Office, usamos nuestro conocimiento y experiencia en la ley de divorcios de Indiana para luchar por los mejores intereses para usted y su familia. Para discutir su divorcio o un asunto de derecho familiar, comun\u00edquese con nuestra oficina hoy mismo.<\/p>\n","protected":false},"excerpt":{"rendered":"<p>El Proceso de Divorcio T\u00edpico Cada caso de divorcio es \u00fanico y puede tomar giros inesperados. Pero existe un proceso t\u00edpico que sigue la mayor\u00eda de los casos, y conocer estos pasos puede ayudarlo a prepararse para lo que viene a continuaci\u00f3n. Si est\u00e1 considerando divorciarse y necesita orientaci\u00f3n espec\u00edfica, comun\u00edquese con nuestra oficina hoy [&hellip;]<\/p>\n","protected":false},"author":17,"featured_media":1833,"parent":383,"menu_order":0,"comment_status":"closed","ping_status":"closed","template":"","meta":{"_acf_changed":false,"_oasis_is_in_workflow":0,"_oasis_original":0,"_oasis_task_priority":"","footnotes":""},"class_list":["post-1596","page","type-page","status-publish","has-post-thumbnail","hentry","entry"],"acf":[],"_links":{"self":[{"href":"https:\/\/www.vanessalopezlaw.com\/es\/wp-json\/wp\/v2\/pages\/1596","targetHints":{"allow":["GET"]}}],"collection":[{"href":"https:\/\/www.vanessalopezlaw.com\/es\/wp-json\/wp\/v2\/pages"}],"about":[{"href":"https:\/\/www.vanessalopezlaw.com\/es\/wp-json\/wp\/v2\/types\/page"}],"author":[{"embeddable":true,"href":"https:\/\/www.vanessalopezlaw.com\/es\/wp-json\/wp\/v2\/users\/17"}],"replies":[{"embeddable":true,"href":"https:\/\/www.vanessalopezlaw.com\/es\/wp-json\/wp\/v2\/comments?post=1596"}],"version-history":[{"count":6,"href":"https:\/\/www.vanessalopezlaw.com\/es\/wp-json\/wp\/v2\/pages\/1596\/revisions"}],"predecessor-version":[{"id":3886,"href":"https:\/\/www.vanessalopezlaw.com\/es\/wp-json\/wp\/v2\/pages\/1596\/revisions\/3886"}],"up":[{"embeddable":true,"href":"https:\/\/www.vanessalopezlaw.com\/es\/wp-json\/wp\/v2\/pages\/383"}],"wp:featuredmedia":[{"embeddable":true,"href":"https:\/\/www.vanessalopezlaw.com\/es\/wp-json\/wp\/v2\/media\/1833"}],"wp:attachment":[{"href":"https:\/\/www.vanessalopezlaw.com\/es\/wp-json\/wp\/v2\/media?parent=1596"}],"curies":[{"name":"wp","href":"https:\/\/api.w.org\/{rel}","templated":true}]}}