{"id":1593,"date":"2021-09-20T14:37:50","date_gmt":"2021-09-20T19:37:50","guid":{"rendered":"http:\/\/www.vanessalopezlaw.com\/?page_id=1593"},"modified":"2026-01-28T11:55:30","modified_gmt":"2026-01-28T17:55:30","slug":"derechos-del-padre","status":"publish","type":"page","link":"https:\/\/www.vanessalopezlaw.com\/es\/areas-de-practicas\/derecho-de-familia\/derechos-del-padre\/","title":{"rendered":"Derechos del Padre"},"content":{"rendered":"<h2>Abogado de Derechos Del Padre de Indian\u00e1polis<\/h2>\n<p>Durante muchos a\u00f1os, los tribunales creyeron que se presum\u00eda que las madres ten\u00edan la custodia de los hijos despu\u00e9s de un divorcio o separaci\u00f3n. Hoy sabemos que los padres son igualmente importantes en la crianza de un ni\u00f1o. Si usted es padre en el \u00e1rea de Indian\u00e1polis y necesita un abogado para proteger sus derechos en una lucha por la custodia de los hijos o el tiempo de crianza, podemos ayudarlo.<\/p>\n<p><span class=\"jsx-3852835299 diff-chunk diff-chunk-equal diff-chunk-modified active\">En L\u00f3pez Law Office, lo haremos sentir c\u00f3modo al contratar a un abogado para proteger sus derechos. Ofrecemos una consulta <\/span><span class=\"jsx-3852835299 diff-chunk diff-chunk-inserted diff-chunk-modified active\">de 30 minutos <\/span><span class=\"jsx-3852835299 diff-chunk diff-chunk-equal diff-chunk-modified active\">para discutir su caso.<\/span><\/p>\n<h2>Protecci\u00f3n de Los Derechos del Padre en La Custodia y Los Arreglos de Tiempo de Crianza<\/h2>\n<p>Como abogados dedicados al derecho de familia, podemos ayudar a proteger los derechos del padre en los siguientes asuntos legales:<\/p>\n<p><strong>Custodia de los hijos:<\/strong> Como padre, tiene derecho a la custodia legal y f\u00edsica por igual. Incluso puede tener derecho a la custodia f\u00edsica total si es en el mejor inter\u00e9s de su hijo.<br \/>\n<strong>Visitas:<\/strong> En Indiana, esto se llama tiempo de crianza y est\u00e1 sujeto a las Pautas de tiempo de crianza de Indiana. Si su ex esposa o pareja est\u00e1 tratando injustamente de limitar su tiempo de crianza con su hijo, lucharemos para hacer cumplir sus derechos.<br \/>\n<strong>Paternidad:<\/strong> las pruebas de paternidad pueden servir como base para establecer los derechos de custodia de los hijos. Sin embargo, tambi\u00e9n pueden refutar la paternidad, eliminando la necesidad de realizar pagos de manutenci\u00f3n infantil.<br \/>\n<strong>Modificaciones posteriores al decreto:<\/strong> la modificaci\u00f3n de un acuerdo de custodia o de tiempo de crianza requiere la aprobaci\u00f3n del tribunal. Tiene derecho a impugnar la modificaci\u00f3n si existe una buena raz\u00f3n para hacerlo.<\/p>\n<h3>Comun\u00edquese con Nuestro Abogado de Derecho de Familia para Una Consulta<\/h3>\n<p>Si usted es un padre que intenta permanecer en la vida de sus hijos, la Abogada Vanessa L\u00f3pez Aguilera quiere ayudarlo a que eso suceda. Comun\u00edquese con su bufete de abogados de Indian\u00e1polis en l\u00ednea o llame al (317) 634-9484 para una consulta. Hablamos espa\u00f1ol.<\/p>\n","protected":false},"excerpt":{"rendered":"<p>Abogado de Derechos Del Padre de Indian\u00e1polis Durante muchos a\u00f1os, los tribunales creyeron que se presum\u00eda que las madres ten\u00edan la custodia de los hijos despu\u00e9s de un divorcio o separaci\u00f3n. Hoy sabemos que los padres son igualmente importantes en la crianza de un ni\u00f1o. Si usted es padre en el \u00e1rea de Indian\u00e1polis y [&hellip;]<\/p>\n","protected":false},"author":17,"featured_media":1827,"parent":383,"menu_order":0,"comment_status":"closed","ping_status":"closed","template":"","meta":{"_acf_changed":false,"_oasis_is_in_workflow":0,"_oasis_original":0,"_oasis_task_priority":"","footnotes":""},"class_list":["post-1593","page","type-page","status-publish","has-post-thumbnail","hentry","entry"],"acf":[],"_links":{"self":[{"href":"https:\/\/www.vanessalopezlaw.com\/es\/wp-json\/wp\/v2\/pages\/1593","targetHints":{"allow":["GET"]}}],"collection":[{"href":"https:\/\/www.vanessalopezlaw.com\/es\/wp-json\/wp\/v2\/pages"}],"about":[{"href":"https:\/\/www.vanessalopezlaw.com\/es\/wp-json\/wp\/v2\/types\/page"}],"author":[{"embeddable":true,"href":"https:\/\/www.vanessalopezlaw.com\/es\/wp-json\/wp\/v2\/users\/17"}],"replies":[{"embeddable":true,"href":"https:\/\/www.vanessalopezlaw.com\/es\/wp-json\/wp\/v2\/comments?post=1593"}],"version-history":[{"count":5,"href":"https:\/\/www.vanessalopezlaw.com\/es\/wp-json\/wp\/v2\/pages\/1593\/revisions"}],"predecessor-version":[{"id":3878,"href":"https:\/\/www.vanessalopezlaw.com\/es\/wp-json\/wp\/v2\/pages\/1593\/revisions\/3878"}],"up":[{"embeddable":true,"href":"https:\/\/www.vanessalopezlaw.com\/es\/wp-json\/wp\/v2\/pages\/383"}],"wp:featuredmedia":[{"embeddable":true,"href":"https:\/\/www.vanessalopezlaw.com\/es\/wp-json\/wp\/v2\/media\/1827"}],"wp:attachment":[{"href":"https:\/\/www.vanessalopezlaw.com\/es\/wp-json\/wp\/v2\/media?parent=1593"}],"curies":[{"name":"wp","href":"https:\/\/api.w.org\/{rel}","templated":true}]}}