{"id":1591,"date":"2021-09-20T14:20:56","date_gmt":"2021-09-20T19:20:56","guid":{"rendered":"http:\/\/www.vanessalopezlaw.com\/?page_id=1591"},"modified":"2026-01-28T11:56:42","modified_gmt":"2026-01-28T17:56:42","slug":"gastos-universitarios","status":"publish","type":"page","link":"https:\/\/www.vanessalopezlaw.com\/es\/areas-de-practicas\/derecho-de-familia\/gastos-universitarios\/","title":{"rendered":"Gastos Universitarios"},"content":{"rendered":"<h2>Abogado de Gastos Universitarios de Manutenci\u00f3n Infantil de Indian\u00e1polis<\/h2>\n<p>Al divorciarse, es casi imposible anticipar todo lo que ser\u00e1 necesario abordar. Esto es especialmente cierto si se divorci\u00f3 cuando sus hijos eran peque\u00f1os. Es posible que le haya resultado dif\u00edcil imaginarlos mucho m\u00e1s all\u00e1 del preescolar. No debe dejar que piense en todo por su cuenta. El abogado de derecho de familia adecuado conocer\u00e1 los problemas clave que deben identificarse por adelantado para evitar conflictos futuros. Esto es especialmente cierto para los gastos universitarios.<\/p>\n<h2>Trabajando Por Adelantado Para Evitar Disputas Sobre Gastos Universitarios<\/h2>\n<p><span class=\"jsx-3852835299 diff-chunk diff-chunk-equal diff-chunk-modified active\">Vanessa L\u00f3pez Aguilera, <\/span><span class=\"jsx-3852835299 diff-chunk diff-chunk-inserted diff-chunk-modified active\">es <\/span><span class=\"jsx-3852835299 diff-chunk diff-chunk-equal diff-chunk-modified active\">una abogada con experiencia en <\/span><span class=\"jsx-3852835299 diff-chunk diff-chunk-inserted diff-chunk-modified active\">Derecho<\/span><span class=\"jsx-3852835299 diff-chunk diff-chunk-equal diff-chunk-modified active\"> de <\/span><span class=\"jsx-3852835299 diff-chunk diff-chunk-inserted diff-chunk-modified active\">Familia<\/span><span class=\"jsx-3852835299 diff-chunk diff-chunk-equal diff-chunk-modified active\"> en Indian\u00e1polis. Durante a\u00f1os, <\/span><span class=\"jsx-3852835299 diff-chunk diff-chunk-inserted diff-chunk-modified active\"> ayuda<\/span><span class=\"jsx-3852835299 diff-chunk diff-chunk-equal diff-chunk-modified active\"> a los clientes a negociar planes de crianza que describen claramente las expectativas de cada lado. Esto puede servir como una hoja de ruta para mitigar el potencial de conflictos en el futuro. <\/span><span class=\"jsx-3852835299 diff-chunk diff-chunk-inserted diff-chunk-modified active\">Pone<\/span><span class=\"jsx-3852835299 diff-chunk diff-chunk-equal diff-chunk-modified active\"> a <\/span><span class=\"jsx-3852835299 diff-chunk diff-chunk-inserted diff-chunk-modified active\">sus <\/span><span class=\"jsx-3852835299 diff-chunk diff-chunk-equal diff-chunk-modified active\"> clientes en contacto con contadores p\u00fablicos y planificadores financieros para ayudarlos a desarrollar un plan sobre el manejo de los gastos universitarios que tenga sentido.<\/span><\/p>\n<h2>La Ley de Indiana Respalda Las Contribuciones a Los Gastos Universitarios<\/h2>\n<p>Incluso si los gastos universitarios no se abordaron inicialmente cuando se divorci\u00f3, su hijo no est\u00e1 sin suerte. En julio de 2012, se aprob\u00f3 una ley estatal que requiere que los padres con custodia o los estudiantes, soliciten contribuciones para los gastos universitarios del padre sin custodia antes de que el ni\u00f1o cumpla 19 a\u00f1os. El dinero podr\u00eda usarse para ayudar a cubrir:<\/p>\n<ul>\n<li>Matr\u00edcula<\/li>\n<li>Libros<\/li>\n<li>Habitaci\u00f3n y comida<\/li>\n<li>Tasas de actividad estudiantil<\/li>\n<\/ul>\n<p>Despu\u00e9s de que un ni\u00f1o cumple 19 a\u00f1os, un padre ya no puede solicitar contribuciones para gastos universitarios del otro padre. En el pasado, un padre sin custodia o el estudiante pod\u00edan solicitar contribuciones hasta que el ni\u00f1o cumpliera 21 a\u00f1os. La nueva ley alienta a los padres a planificar con anticipaci\u00f3n para que sus hijos puedan obtener el dinero necesario para obtener una educaci\u00f3n de calidad. Una vez que el estudiante cumpla 19 a\u00f1os, el padre que no tiene la custodia ya no tendr\u00e1 que pagar la manutenci\u00f3n de los hijos.<\/p>\n<h3>Comun\u00edquese con Un Abogado Calificado en Modificaci\u00f3n O Terminaci\u00f3n de Manutenci\u00f3n Infantil de Carmel<\/h3>\n<p>Nuestra firma comprende preguntas sobre el futuro de sus estudiantes y su situaci\u00f3n financiera puede generar ansiedad. Podemos ponernos en contacto con usted. Estamos aqu\u00ed para responder cualquier pregunta que pueda tener sobre la cancelaci\u00f3n de la manutenci\u00f3n de los hijos y los c\u00e1lculos de gastos universitarios. Queremos asegurarnos de que tenga la informaci\u00f3n correcta para planificar el futuro.<\/p>\n<p>Comun\u00edquese con nuestro equipo legal en l\u00ednea para una consulta inicial. Hablamos espa\u00f1ol.<\/p>\n","protected":false},"excerpt":{"rendered":"<p>Abogado de Gastos Universitarios de Manutenci\u00f3n Infantil de Indian\u00e1polis Al divorciarse, es casi imposible anticipar todo lo que ser\u00e1 necesario abordar. Esto es especialmente cierto si se divorci\u00f3 cuando sus hijos eran peque\u00f1os. Es posible que le haya resultado dif\u00edcil imaginarlos mucho m\u00e1s all\u00e1 del preescolar. No debe dejar que piense en todo por su [&hellip;]<\/p>\n","protected":false},"author":17,"featured_media":0,"parent":383,"menu_order":0,"comment_status":"closed","ping_status":"closed","template":"","meta":{"_acf_changed":false,"_oasis_is_in_workflow":0,"_oasis_original":0,"_oasis_task_priority":"","footnotes":""},"class_list":["post-1591","page","type-page","status-publish","hentry","entry"],"acf":[],"_links":{"self":[{"href":"https:\/\/www.vanessalopezlaw.com\/es\/wp-json\/wp\/v2\/pages\/1591","targetHints":{"allow":["GET"]}}],"collection":[{"href":"https:\/\/www.vanessalopezlaw.com\/es\/wp-json\/wp\/v2\/pages"}],"about":[{"href":"https:\/\/www.vanessalopezlaw.com\/es\/wp-json\/wp\/v2\/types\/page"}],"author":[{"embeddable":true,"href":"https:\/\/www.vanessalopezlaw.com\/es\/wp-json\/wp\/v2\/users\/17"}],"replies":[{"embeddable":true,"href":"https:\/\/www.vanessalopezlaw.com\/es\/wp-json\/wp\/v2\/comments?post=1591"}],"version-history":[{"count":4,"href":"https:\/\/www.vanessalopezlaw.com\/es\/wp-json\/wp\/v2\/pages\/1591\/revisions"}],"predecessor-version":[{"id":3881,"href":"https:\/\/www.vanessalopezlaw.com\/es\/wp-json\/wp\/v2\/pages\/1591\/revisions\/3881"}],"up":[{"embeddable":true,"href":"https:\/\/www.vanessalopezlaw.com\/es\/wp-json\/wp\/v2\/pages\/383"}],"wp:attachment":[{"href":"https:\/\/www.vanessalopezlaw.com\/es\/wp-json\/wp\/v2\/media?parent=1591"}],"curies":[{"name":"wp","href":"https:\/\/api.w.org\/{rel}","templated":true}]}}