{"id":1532,"date":"2021-09-20T12:30:08","date_gmt":"2021-09-20T17:30:08","guid":{"rendered":"http:\/\/www.vanessalopezlaw.com\/?page_id=1532"},"modified":"2026-01-28T12:00:39","modified_gmt":"2026-01-28T18:00:39","slug":"servicios-de-proteccion-infantil-en-indiana","status":"publish","type":"page","link":"https:\/\/www.vanessalopezlaw.com\/es\/areas-de-practicas\/derecho-de-familia\/servicios-de-proteccion-infantil-en-indiana\/","title":{"rendered":"Servicios De Protecci\u00f3n Infantil En Indiana"},"content":{"rendered":"<h2>Servicios de Protecci\u00f3n Infantil en Indiana<\/h2>\n<p><span class=\"jsx-3852835299 diff-chunk diff-chunk-equal diff-chunk-modified active\">Permita que el <\/span><span class=\"jsx-3852835299 diff-chunk diff-chunk-inserted diff-chunk-modified active\">Bufete LOPEZ LAW OFFICE, P.C. <\/span><span class=\"jsx-3852835299 diff-chunk diff-chunk-equal diff-chunk-modified active\"> de Vanessa L\u00f3pez <\/span><span class=\"jsx-3852835299 diff-chunk diff-chunk-inserted diff-chunk-modified active\">Aguilera, <\/span><span class=\"jsx-3852835299 diff-chunk diff-chunk-equal diff-chunk-modified active\"> ofrezca servicios compasivos y protectores para su familia. <\/span><span class=\"jsx-3852835299 diff-chunk diff-chunk-inserted diff-chunk-modified active\">Ella <\/span><span class=\"jsx-3852835299 diff-chunk diff-chunk-equal diff-chunk-modified active\"> est\u00e1 profundamente <\/span><span class=\"jsx-3852835299 diff-chunk diff-chunk-inserted diff-chunk-modified active\">comprometida<\/span><span class=\"jsx-3852835299 diff-chunk diff-chunk-equal diff-chunk-modified active\"> en continuar con el bienestar de su hijo o hijos antes, durante o despu\u00e9s de su divorcio. Como su abogada de divorcios, trabaja pensando en sus mejores intereses y se asegura de que sus derechos est\u00e9n <\/span><span class=\"jsx-3852835299 diff-chunk diff-chunk-inserted diff-chunk-modified active\">protegidos.<\/span><\/p>\n<p><span class=\"jsx-3852835299 diff-chunk diff-chunk-equal diff-chunk-modified active\">Entendemos que los padres no siempre resuelven los problemas de crianza de manera amistosa. Si est\u00e1 involucrado en una disputa dif\u00edcil que <\/span><span class=\"jsx-3852835299 diff-chunk diff-chunk-inserted diff-chunk-modified active\">esta <\/span><span class=\"jsx-3852835299 diff-chunk diff-chunk-equal diff-chunk-modified active\">su hijo o <\/span><span class=\"jsx-3852835299 diff-chunk diff-chunk-inserted diff-chunk-modified active\">hijos<\/span><span class=\"jsx-3852835299 diff-chunk diff-chunk-equal diff-chunk-modified active\"> o <\/span><span class=\"jsx-3852835299 diff-chunk diff-chunk-inserted diff-chunk-modified active\"> donde <\/span><span class=\"jsx-3852835299 diff-chunk diff-chunk-equal diff-chunk-modified active\"> el abuso infantil, la negligencia u otro da\u00f1o est\u00e1 afectando a su familia, comun\u00edquese con nuestro bufete <\/span><span class=\"jsx-3852835299 diff-chunk diff-chunk-inserted diff-chunk-modified active\">para tartar el tema de protecci\u00f3n infantil en Indiana. La Abogada Vanessa Lopez<\/span><span class=\"jsx-3852835299 diff-chunk diff-chunk-equal diff-chunk-modified active\"> Aguilera ofrece el apoyo legal y la protecci\u00f3n estricta que usted y sus hijos necesitan.<\/span><\/p>\n<h2>Trabajar con los Servicios de Protecci\u00f3n Infantil en Indiana<\/h2>\n<p>El hecho es que los trabajadores del servicio de protecci\u00f3n infantil no siempre detectan los signos reveladores de abuso infantil. A lo largo de los a\u00f1os, se han realizado m\u00faltiples informes de ni\u00f1os que contin\u00faan sufriendo abuso o son arrojados a hogares de acogida innecesariamente. Esto se debe a que, aunque se consulta a los padres, las decisiones sobre el bienestar de su hijo en \u00faltima instancia las toman otras partes. Es de vital importancia contar con ayuda legal competente cuando la seguridad de su hijo o de los ni\u00f1os est\u00e9 en riesgo.<\/p>\n<p>La Abogado Vanessa Lopez Aguilera comprende este sistema y tiene una amplia experiencia trabajando con servicios de protecci\u00f3n infantil en Indiana.<\/p>\n<p>El Bufete de Abogados de familia y protecci\u00f3n infantil de Vanessa L\u00f3pez Aguilera: lo escuchar\u00e1 y recopilar\u00e1 todos los hechos pertinentes de su caso, y manejar\u00e1 los contactos con los tribunales, las agencias de protecci\u00f3n infantil y la polic\u00eda seg\u00fan sea necesario. Permita que una abogada de familia diligente y experimentada garantice su protecci\u00f3n legal y encuentre soluciones que satisfagan las necesidades urgentes de su familia.<\/p>\n<h3>Comun\u00edquese con La Abogada de Protecci\u00f3n Infantil de Indiana &#8211; Vanessa L\u00f3pez Aguilera<\/h3>\n<p><span class=\"jsx-3852835299 diff-chunk diff-chunk-equal diff-chunk-modified active\">Vanessa L\u00f3pez Aguilera es una <\/span><span class=\"jsx-3852835299 diff-chunk diff-chunk-inserted diff-chunk-modified active\">reconocida <\/span><span class=\"jsx-3852835299 diff-chunk diff-chunk-equal diff-chunk-modified active\">abogada con experiencia en <\/span><span class=\"jsx-3852835299 diff-chunk diff-chunk-inserted diff-chunk-modified active\">Derecho<\/span><span class=\"jsx-3852835299 diff-chunk diff-chunk-equal diff-chunk-modified active\"> de <\/span><span class=\"jsx-3852835299 diff-chunk diff-chunk-inserted diff-chunk-modified active\">Familia<\/span><span class=\"jsx-3852835299 diff-chunk diff-chunk-equal diff-chunk-modified active\"> que puede ayudarlo a resolver sus problemas de abuso infantil y disputas familiares para que pueda seguir adelante con su vida. Cont\u00e1ctenos en l\u00ednea o ll\u00e1menos para programar una consulta inicial &#8211; Hablamos Espa\u00f1ol.<\/span><\/p>\n","protected":false},"excerpt":{"rendered":"<p>Servicios de Protecci\u00f3n Infantil en Indiana Permita que el Bufete LOPEZ LAW OFFICE, P.C. de Vanessa L\u00f3pez Aguilera, ofrezca servicios compasivos y protectores para su familia. Ella est\u00e1 profundamente comprometida en continuar con el bienestar de su hijo o hijos antes, durante o despu\u00e9s de su divorcio. Como su abogada de divorcios, trabaja pensando en [&hellip;]<\/p>\n","protected":false},"author":17,"featured_media":1818,"parent":383,"menu_order":0,"comment_status":"closed","ping_status":"closed","template":"","meta":{"_acf_changed":false,"_oasis_is_in_workflow":0,"_oasis_original":0,"_oasis_task_priority":"","footnotes":""},"class_list":["post-1532","page","type-page","status-publish","has-post-thumbnail","hentry","entry"],"acf":[],"_links":{"self":[{"href":"https:\/\/www.vanessalopezlaw.com\/es\/wp-json\/wp\/v2\/pages\/1532","targetHints":{"allow":["GET"]}}],"collection":[{"href":"https:\/\/www.vanessalopezlaw.com\/es\/wp-json\/wp\/v2\/pages"}],"about":[{"href":"https:\/\/www.vanessalopezlaw.com\/es\/wp-json\/wp\/v2\/types\/page"}],"author":[{"embeddable":true,"href":"https:\/\/www.vanessalopezlaw.com\/es\/wp-json\/wp\/v2\/users\/17"}],"replies":[{"embeddable":true,"href":"https:\/\/www.vanessalopezlaw.com\/es\/wp-json\/wp\/v2\/comments?post=1532"}],"version-history":[{"count":5,"href":"https:\/\/www.vanessalopezlaw.com\/es\/wp-json\/wp\/v2\/pages\/1532\/revisions"}],"predecessor-version":[{"id":3888,"href":"https:\/\/www.vanessalopezlaw.com\/es\/wp-json\/wp\/v2\/pages\/1532\/revisions\/3888"}],"up":[{"embeddable":true,"href":"https:\/\/www.vanessalopezlaw.com\/es\/wp-json\/wp\/v2\/pages\/383"}],"wp:featuredmedia":[{"embeddable":true,"href":"https:\/\/www.vanessalopezlaw.com\/es\/wp-json\/wp\/v2\/media\/1818"}],"wp:attachment":[{"href":"https:\/\/www.vanessalopezlaw.com\/es\/wp-json\/wp\/v2\/media?parent=1532"}],"curies":[{"name":"wp","href":"https:\/\/api.w.org\/{rel}","templated":true}]}}