{"id":1347,"date":"2021-08-26T07:08:54","date_gmt":"2021-08-26T07:08:54","guid":{"rendered":"http:\/\/www.vanessalopezlaw.com\/profiles\/"},"modified":"2026-01-21T09:22:51","modified_gmt":"2026-01-21T15:22:51","slug":"perfiles","status":"publish","type":"page","link":"https:\/\/www.vanessalopezlaw.com\/es\/perfiles\/","title":{"rendered":"Perfiles"},"content":{"rendered":"<h6>CONOZCA A NUESTRO EQUIPO<\/h6>\n<h2>Derecho de Familia de Indian\u00e1polis<\/h2>\n<div class=\"group-prf-list\">\n<div class=\"group-prf-item\">\n<div class=\"group-prf-img\"><a href=\"https:\/\/www.vanessalopezlaw.com\/es\/perfiles\/abogado\/\"><img decoding=\"async\" class=\"alignleft wp-image-1327 size-full\" src=\"https:\/\/www.vanessalopezlaw.com\/wp-content\/uploads\/2024\/08\/vanessa8924pm.png\" alt=\"\" width=\"1065\" height=\"1157\" title=\"\"><\/a><\/div>\n<div class=\"group-prf-title\"><a href=\"https:\/\/www.vanessalopezlaw.com\/es\/perfiles\/abogado\/\">Vanessa L\u00f3pez Aguilera<\/a><\/div>\n<div class=\"group-prf-btn\"><a href=\"https:\/\/www.vanessalopezlaw.com\/es\/perfiles\/abogado\/\">Ver perfil<\/a><\/div>\n<\/div>\n<div class=\"group-prf-item\">\n<div class=\"group-prf-img\"><a href=\"https:\/\/www.vanessalopezlaw.com\/es\/perfiles\/laura-herrera\/\"><img decoding=\"async\" class=\"alignleft size-full wp-image-1329\" src=\"https:\/\/www.vanessalopezlaw.com\/wp-content\/uploads\/2024\/08\/lura8924pm.png\" alt=\"\" width=\"1065\" height=\"1157\" title=\"\"><\/a><\/div>\n<div class=\"group-prf-title\"><a href=\"https:\/\/www.vanessalopezlaw.com\/es\/perfiles\/laura-herrera\/\">Laura Herrera<\/a><\/div>\n<div class=\"group-prf-btn\"><a href=\"https:\/\/www.vanessalopezlaw.com\/es\/perfiles\/laura-herrera\/\">Ver perfil<\/a><\/div>\n<\/div>\n<div class=\"group-prf-item\">\n<div class=\"group-prf-img\"><a href=\"https:\/\/www.vanessalopezlaw.com\/es\/perfiles\/marilyn-castillo\/\"><img decoding=\"async\" class=\"alignleft size-full wp-image-1333\" src=\"https:\/\/www.vanessalopezlaw.com\/wp-content\/uploads\/2025\/05\/marilyn-castillo-tm.png\" alt=\"Marilyn Castillo\" width=\"1065\" height=\"1157\" title=\"\"><\/a><\/div>\n<div class=\"group-prf-title\"><a href=\"https:\/\/www.vanessalopezlaw.com\/es\/perfiles\/marilyn-castillo\/\">Marilyn Castillo<\/a><\/div>\n<div class=\"group-prf-btn\"><a href=\"https:\/\/www.vanessalopezlaw.com\/es\/perfiles\/marilyn-castillo\/\">Ver perfil<\/a><\/div>\n<\/div>\n<div class=\"group-prf-item\">\n<div class=\"group-prf-img\"><a href=\"https:\/\/www.vanessalopezlaw.com\/es\/perfiles\/michael-d-loprete\/\"><img decoding=\"async\" class=\"alignleft size-full wp-image-1333\" src=\"https:\/\/www.vanessalopezlaw.com\/wp-content\/uploads\/2024\/08\/michael8924pm.png\" alt=\"Michael D. LoPrete\" width=\"1065\" height=\"1157\" title=\"\"><\/a><\/div>\n<div class=\"group-prf-title\"><a href=\"https:\/\/www.vanessalopezlaw.com\/es\/perfiles\/michael-d-loprete\/\">Michael D. LoPrete<\/a><\/div>\n<div class=\"group-prf-btn\"><a href=\"https:\/\/www.vanessalopezlaw.com\/es\/perfiles\/michael-d-loprete\/\">Ver perfil<\/a><\/div>\n<\/div>\n<div class=\"group-prf-item\">\n<div class=\"group-prf-img\"><a href=\"https:\/\/www.vanessalopezlaw.com\/es\/perfiles\/alexandra-roberts\/\"><img decoding=\"async\" class=\"alignleft size-full wp-image-1333\" src=\"https:\/\/www.vanessalopezlaw.com\/wp-content\/uploads\/2024\/08\/alex8924pm.png\" alt=\"Alexandra Roberts\" width=\"1065\" height=\"1157\" title=\"\"><\/a><\/div>\n<div class=\"group-prf-title\"><a href=\"https:\/\/www.vanessalopezlaw.com\/es\/perfiles\/alexandra-roberts\/\">Alexandra Roberts<\/a><\/div>\n<div class=\"group-prf-btn\"><a href=\"https:\/\/www.vanessalopezlaw.com\/es\/perfiles\/alexandra-roberts\/\">Ver perfil<\/a><\/div>\n<\/div>\n<div class=\"group-prf-item\">\n<div class=\"group-prf-img\"><a href=\"https:\/\/www.vanessalopezlaw.com\/es\/perfiles\/luis-cortes\/\"><img decoding=\"async\" class=\"alignleft size-full wp-image-1333\" src=\"https:\/\/www.vanessalopezlaw.com\/wp-content\/uploads\/2024\/10\/luis-cortes-team.png\" alt=\"Luis Cort\u00e9s\" width=\"1065\" height=\"1157\" title=\"\"><\/a><\/div>\n<div class=\"group-prf-title\"><a href=\"https:\/\/www.vanessalopezlaw.com\/es\/perfiles\/luis-cortes\/\">Luis Cort\u00e9s<\/a><\/div>\n<div class=\"group-prf-btn\"><a href=\"https:\/\/www.vanessalopezlaw.com\/es\/perfiles\/luis-cortes\/\">View Profile<\/a><\/div>\n<\/div>\n<div class=\"group-prf-item\">\n<div class=\"group-prf-img\"><a href=\"https:\/\/www.vanessalopezlaw.com\/es\/perfiles\/carrie-bryant-salazar\/\"><img decoding=\"async\" class=\"alignleft size-full wp-image-1333\" src=\"https:\/\/www.vanessalopezlaw.com\/wp-content\/uploads\/2024\/12\/carrie-bryant-salazarteam-img.png\" alt=\"Carrie Bryant-Salazar\" width=\"1065\" height=\"1157\" title=\"\"><\/a><\/div>\n<div class=\"group-prf-title\"><a href=\"https:\/\/www.vanessalopezlaw.com\/es\/perfiles\/carrie-bryant-salazar\/\">Carrie Bryant-Salazar<\/a><\/div>\n<div class=\"group-prf-btn\"><a href=\"https:\/\/www.vanessalopezlaw.com\/es\/perfiles\/carrie-bryant-salazar\/\">View Profile<\/a><\/div>\n<\/div>\n<div class=\"group-prf-item\">\n<div class=\"group-prf-img\"><a href=\"https:\/\/www.vanessalopezlaw.com\/es\/perfiles\/kacie-ellison\/\"><img decoding=\"async\" class=\"alignleft size-full wp-image-1333\" src=\"https:\/\/www.vanessalopezlaw.com\/wp-content\/uploads\/2025\/02\/kacie-ellison-team.png\" alt=\"Carrie Bryant-Salazar\" width=\"1065\" height=\"1157\" title=\"\"><\/a><\/div>\n<div class=\"group-prf-title\"><a href=\"https:\/\/www.vanessalopezlaw.com\/es\/perfiles\/kacie-ellison\/\">Kacie Ellison<\/a><\/div>\n<div class=\"group-prf-btn\"><a href=\"https:\/\/www.vanessalopezlaw.com\/es\/perfiles\/kacie-ellison\/\">View Profile<\/a><\/div>\n<\/div>\n<div class=\"group-prf-item\">\n<div class=\"group-prf-img\"><a href=\"https:\/\/www.vanessalopezlaw.com\/es\/perfiles\/jenny-loaiza-garcia\/\"><img decoding=\"async\" class=\"alignleft size-full wp-image-1333\" src=\"https:\/\/www.vanessalopezlaw.com\/wp-content\/uploads\/2025\/05\/jenny-loaiza-garcia-tm.png\" alt=\"Carrie Bryant-Salazar\" width=\"1065\" height=\"1157\" title=\"\"><\/a><\/div>\n<div class=\"group-prf-title\"><a href=\"https:\/\/www.vanessalopezlaw.com\/es\/perfiles\/jenny-loaiza-garcia\/\">Jenny Loaiza Garc\u00eda<\/a><\/div>\n<div class=\"group-prf-btn\"><a href=\"https:\/\/www.vanessalopezlaw.com\/es\/perfiles\/jenny-loaiza-garcia\/\">View Profile<\/a><\/div>\n<\/div>\n<div class=\"group-prf-item\">\n<div class=\"group-prf-img\"><a href=\"https:\/\/www.vanessalopezlaw.com\/es\/perfiles\/kaisa-lozada\/\"><img decoding=\"async\" class=\"alignleft size-full wp-image-1333\" src=\"https:\/\/www.vanessalopezlaw.com\/wp-content\/uploads\/2026\/01\/Kaisa-1.png\" alt=\"Carrie Bryant-Salazar\" width=\"1065\" height=\"1157\" title=\"\"><\/a><\/div>\n<div class=\"group-prf-title\"><a href=\"https:\/\/www.vanessalopezlaw.com\/es\/perfiles\/kaisa-lozada\/\">Kaisa Lozada<br \/>\n<\/a><\/div>\n<div class=\"group-prf-btn\"><a href=\"https:\/\/www.vanessalopezlaw.com\/es\/perfiles\/kaisa-lozada\/\">View Profile<\/a><\/div>\n<\/div>\n<div class=\"group-prf-item\">\n<div class=\"group-prf-img\"><a href=\"https:\/\/www.vanessalopezlaw.com\/es\/perfiles\/isabell-coryea\/\"><img decoding=\"async\" class=\"alignleft size-full wp-image-1333\" src=\"https:\/\/www.vanessalopezlaw.com\/wp-content\/uploads\/2026\/01\/Isabell-2.png\" alt=\"Carrie Bryant-Salazar\" width=\"1065\" height=\"1157\" title=\"\"><\/a><\/div>\n<div class=\"group-prf-title\"><a href=\"https:\/\/www.vanessalopezlaw.com\/es\/perfiles\/isabell-coryea\/\">Isabell Coryea<\/a><\/div>\n<div class=\"group-prf-btn\"><a href=\"https:\/\/www.vanessalopezlaw.com\/es\/perfiles\/isabell-coryea\/\">View Profile<\/a><\/div>\n<\/div>\n<\/div>\n<div class=\"clear\"><\/div>\n<p>Lopez Law Office se encuentra en Meridian Street en una ubicaci\u00f3n conveniente frente a la escuela secundaria Shortridge Magnet de leyes y pol\u00edticas p\u00fablicas, la escuela secundaria m\u00e1s antigua del estado de Indiana. Encontrar\u00e1 un estacionamiento conveniente y conocer\u00e1 a un abogado que lo recibir\u00e1 por su nombre y le hablar\u00e1 en su idioma, ya sea que hable espa\u00f1ol o ingl\u00e9s. Nuestra oficina ofrece un ambiente c\u00f3modo y acogedor para los clientes que atraviesan momentos estresantes.<\/p>\n<div class=\"group-btn\"><a href=\"https:\/\/www.vanessalopezlaw.com\/es\/contacto\/\">Agendar una cita de trabajo<\/a><\/div>\n","protected":false},"excerpt":{"rendered":"<p>CONOZCA A NUESTRO EQUIPO Derecho de Familia de Indian\u00e1polis Vanessa L\u00f3pez Aguilera Ver perfil Laura Herrera Ver perfil Marilyn Castillo Ver perfil Michael D. LoPrete Ver perfil Alexandra Roberts Ver perfil Luis Cort\u00e9s View Profile Carrie Bryant-Salazar View Profile Kacie Ellison View Profile Jenny Loaiza Garc\u00eda View Profile Kaisa Lozada View Profile Isabell Coryea View [&hellip;]<\/p>\n","protected":false},"author":17,"featured_media":3830,"parent":0,"menu_order":0,"comment_status":"closed","ping_status":"closed","template":"template-parts\/group-profile.php","meta":{"_acf_changed":false,"_oasis_is_in_workflow":0,"_oasis_original":0,"_oasis_task_priority":"","footnotes":""},"class_list":["post-1347","page","type-page","status-publish","has-post-thumbnail","hentry","entry"],"acf":[],"_links":{"self":[{"href":"https:\/\/www.vanessalopezlaw.com\/es\/wp-json\/wp\/v2\/pages\/1347","targetHints":{"allow":["GET"]}}],"collection":[{"href":"https:\/\/www.vanessalopezlaw.com\/es\/wp-json\/wp\/v2\/pages"}],"about":[{"href":"https:\/\/www.vanessalopezlaw.com\/es\/wp-json\/wp\/v2\/types\/page"}],"author":[{"embeddable":true,"href":"https:\/\/www.vanessalopezlaw.com\/es\/wp-json\/wp\/v2\/users\/17"}],"replies":[{"embeddable":true,"href":"https:\/\/www.vanessalopezlaw.com\/es\/wp-json\/wp\/v2\/comments?post=1347"}],"version-history":[{"count":51,"href":"https:\/\/www.vanessalopezlaw.com\/es\/wp-json\/wp\/v2\/pages\/1347\/revisions"}],"predecessor-version":[{"id":3859,"href":"https:\/\/www.vanessalopezlaw.com\/es\/wp-json\/wp\/v2\/pages\/1347\/revisions\/3859"}],"wp:featuredmedia":[{"embeddable":true,"href":"https:\/\/www.vanessalopezlaw.com\/es\/wp-json\/wp\/v2\/media\/3830"}],"wp:attachment":[{"href":"https:\/\/www.vanessalopezlaw.com\/es\/wp-json\/wp\/v2\/media?parent=1347"}],"curies":[{"name":"wp","href":"https:\/\/api.w.org\/{rel}","templated":true}]}}